{"id":49,"date":"2020-03-24T15:22:15","date_gmt":"2020-03-24T14:22:15","guid":{"rendered":"http:\/\/wordpress.p548662.webspaceconfig.de\/?page_id=49"},"modified":"2026-02-04T09:21:32","modified_gmt":"2026-02-04T08:21:32","slug":"contact","status":"publish","type":"page","link":"https:\/\/zahnarzt-muenchen-schwabing.dental\/en\/kontakt\/","title":{"rendered":"Contact"},"content":{"rendered":"<div data-elementor-type=\"wp-page\" data-elementor-id=\"49\" class=\"elementor elementor-49\" data-elementor-settings=\"{&quot;ha_cmc_init_switcher&quot;:&quot;no&quot;}\" data-elementor-post-type=\"page\">\n\t\t\t\t\t\t<section class=\"elementor-section elementor-top-section elementor-element elementor-element-43c6efb elementor-section-content-middle elementor-section-boxed elementor-section-height-default elementor-section-height-default\" data-id=\"43c6efb\" data-element_type=\"section\" data-e-type=\"section\" data-settings=\"{&quot;background_background&quot;:&quot;classic&quot;}\">\n\t\t\t\t\t\t<div class=\"elementor-container elementor-column-gap-no\">\n\t\t\t\t\t<div class=\"elementor-column elementor-col-50 elementor-top-column elementor-element elementor-element-0566318\" data-id=\"0566318\" data-element_type=\"column\" data-e-type=\"column\">\n\t\t\t<div class=\"elementor-widget-wrap elementor-element-populated\">\n\t\t\t\t\t\t<div class=\"elementor-element elementor-element-a50d558 elementor-widget elementor-widget-image\" data-id=\"a50d558\" data-element_type=\"widget\" data-e-type=\"widget\" data-widget_type=\"image.default\">\n\t\t\t\t<div class=\"elementor-widget-container\">\n\t\t\t\t\t\t\t\t\t\t\t\t\t\t\t<img fetchpriority=\"high\" decoding=\"async\" width=\"800\" height=\"534\" src=\"https:\/\/zahnarzt-muenchen-schwabing.dental\/wp-content\/uploads\/2023\/11\/Empfang_D221_LEO_DENTAL_1023_0673-1024x683.jpg\" class=\"attachment-large size-large wp-image-2195\" alt=\"Professional dental treatment in Schwabing, Munich, modern dental practice.\" srcset=\"https:\/\/zahnarzt-muenchen-schwabing.dental\/wp-content\/uploads\/2023\/11\/Empfang_D221_LEO_DENTAL_1023_0673-1024x683.jpg 1024w, https:\/\/zahnarzt-muenchen-schwabing.dental\/wp-content\/uploads\/2023\/11\/Empfang_D221_LEO_DENTAL_1023_0673-300x200.jpg 300w, https:\/\/zahnarzt-muenchen-schwabing.dental\/wp-content\/uploads\/2023\/11\/Empfang_D221_LEO_DENTAL_1023_0673-768x512.jpg 768w, https:\/\/zahnarzt-muenchen-schwabing.dental\/wp-content\/uploads\/2023\/11\/Empfang_D221_LEO_DENTAL_1023_0673-2048x1365.jpg 1386w, https:\/\/zahnarzt-muenchen-schwabing.dental\/wp-content\/uploads\/2023\/11\/Empfang_D221_LEO_DENTAL_1023_0673-18x12.jpg 18w, https:\/\/zahnarzt-muenchen-schwabing.dental\/wp-content\/uploads\/2023\/11\/Empfang_D221_LEO_DENTAL_1023_0673-scaled.jpg 1387w\" sizes=\"(max-width: 800px) 100vw, 800px\" \/>\t\t\t\t\t\t\t\t\t\t\t\t\t\t\t<\/div>\n\t\t\t\t<\/div>\n\t\t\t\t\t<\/div>\n\t\t<\/div>\n\t\t\t\t<div class=\"elementor-column elementor-col-50 elementor-top-column elementor-element elementor-element-c5f9bb3\" data-id=\"c5f9bb3\" data-element_type=\"column\" data-e-type=\"column\">\n\t\t\t<div class=\"elementor-widget-wrap elementor-element-populated\">\n\t\t\t\t\t\t<div class=\"elementor-element elementor-element-f717525 elementor-widget elementor-widget-heading\" data-id=\"f717525\" data-element_type=\"widget\" data-e-type=\"widget\" data-widget_type=\"heading.default\">\n\t\t\t\t<div class=\"elementor-widget-container\">\n\t\t\t\t\t<h1 class=\"elementor-heading-title elementor-size-default\">No matter where the tooth pinches! <\/h1>\t\t\t\t<\/div>\n\t\t\t\t<\/div>\n\t\t\t\t<div class=\"elementor-element elementor-element-cb4accd elementor-widget elementor-widget-heading\" data-id=\"cb4accd\" data-element_type=\"widget\" data-e-type=\"widget\" data-widget_type=\"heading.default\">\n\t\t\t\t<div class=\"elementor-widget-container\">\n\t\t\t\t\t<h3 class=\"elementor-heading-title elementor-size-default\">Leo Dental is there for you.<\/h3>\t\t\t\t<\/div>\n\t\t\t\t<\/div>\n\t\t\t\t\t<\/div>\n\t\t<\/div>\n\t\t\t\t\t<\/div>\n\t\t<\/section>\n\t\t\t\t<section class=\"elementor-section elementor-top-section elementor-element elementor-element-cc5c174 elementor-section-boxed elementor-section-height-default elementor-section-height-default\" data-id=\"cc5c174\" data-element_type=\"section\" data-e-type=\"section\" data-settings=\"{&quot;background_background&quot;:&quot;classic&quot;}\">\n\t\t\t\t\t\t<div class=\"elementor-container elementor-column-gap-default\">\n\t\t\t\t\t<div class=\"elementor-column elementor-col-100 elementor-top-column elementor-element elementor-element-4076260\" data-id=\"4076260\" data-element_type=\"column\" data-e-type=\"column\">\n\t\t\t<div class=\"elementor-widget-wrap elementor-element-populated\">\n\t\t\t\t\t\t<div class=\"elementor-element elementor-element-3b30568 elementor-hidden-desktop elementor-hidden-tablet elementor-hidden-mobile elementor-widget elementor-widget-heading\" data-id=\"3b30568\" data-element_type=\"widget\" data-e-type=\"widget\" data-widget_type=\"heading.default\">\n\t\t\t\t<div class=\"elementor-widget-container\">\n\t\t\t\t\t<h5 class=\"elementor-heading-title elementor-size-default\">Our practice will be closed from August 13th to September 5th, 2025.\n<br>In urgent cases, please contact <a href=\"https:\/\/www.eck-zahn.de\/\" target=\"_blank\"><span style=\"color:#fff\">our representative<\/span><\/a> or the <a href=\"https:\/\/www.notdienst-zahn.de\/index.php?id=7\" target=\"_blank\"><span style=\"color:#fff\">emergency service.<\/span><\/a><\/h5>\t\t\t\t<\/div>\n\t\t\t\t<\/div>\n\t\t\t\t<div class=\"elementor-element elementor-element-ddd210a elementor-widget elementor-widget-heading\" data-id=\"ddd210a\" data-element_type=\"widget\" data-e-type=\"widget\" data-widget_type=\"heading.default\">\n\t\t\t\t<div class=\"elementor-widget-container\">\n\t\t\t\t\t<h1 class=\"elementor-heading-title elementor-size-default\">Schedule an appointment!<\/h1>\t\t\t\t<\/div>\n\t\t\t\t<\/div>\n\t\t\t\t<div class=\"elementor-element elementor-element-86a0c13 elementor-widget elementor-widget-text-editor\" data-id=\"86a0c13\" data-element_type=\"widget\" data-e-type=\"widget\" data-widget_type=\"text-editor.default\">\n\t\t\t\t<div class=\"elementor-widget-container\">\n\t\t\t\t\t\t\t\t\t<p>Make an appointment for treatment, professional teeth cleaning, prophylaxis or individual check-ups. We are glad to be here for you.<\/p>\t\t\t\t\t\t\t\t<\/div>\n\t\t\t\t<\/div>\n\t\t\t\t<section class=\"elementor-section elementor-inner-section elementor-element elementor-element-8fcc5a0 elementor-section-boxed elementor-section-height-default elementor-section-height-default\" data-id=\"8fcc5a0\" data-element_type=\"section\" data-e-type=\"section\">\n\t\t\t\t\t\t<div class=\"elementor-container elementor-column-gap-default\">\n\t\t\t\t\t<div class=\"elementor-column elementor-col-33 elementor-inner-column elementor-element elementor-element-7345f97\" data-id=\"7345f97\" data-element_type=\"column\" data-e-type=\"column\">\n\t\t\t<div class=\"elementor-widget-wrap elementor-element-populated\">\n\t\t\t\t\t\t<div class=\"elementor-element elementor-element-068caf8 elementor-widget elementor-widget-text-editor\" data-id=\"068caf8\" data-element_type=\"widget\" data-e-type=\"widget\" data-widget_type=\"text-editor.default\">\n\t\t\t\t<div class=\"elementor-widget-container\">\n\t\t\t\t\t\t\t\t\t<p>Practice Leo Dental<br \/>Leopoldstrasse 74<br \/>80802 Munich<\/p>\t\t\t\t\t\t\t\t<\/div>\n\t\t\t\t<\/div>\n\t\t\t\t<div class=\"elementor-element elementor-element-d3426d1 elementor-widget elementor-widget-text-editor\" data-id=\"d3426d1\" data-element_type=\"widget\" data-e-type=\"widget\" data-widget_type=\"text-editor.default\">\n\t\t\t\t<div class=\"elementor-widget-container\">\n\t\t\t\t\t\t\t\t\t<p>Call us or book your appointment online.\u00a0\u00a0<span style=\"letter-spacing: -0.4px;\">We are glad to be here for you.<\/span><\/p>\t\t\t\t\t\t\t\t<\/div>\n\t\t\t\t<\/div>\n\t\t\t\t\t<\/div>\n\t\t<\/div>\n\t\t\t\t<div class=\"elementor-column elementor-col-33 elementor-inner-column elementor-element elementor-element-862aa3a\" data-id=\"862aa3a\" data-element_type=\"column\" data-e-type=\"column\">\n\t\t\t<div class=\"elementor-widget-wrap elementor-element-populated\">\n\t\t\t\t\t\t<div class=\"elementor-element elementor-element-b2e2717 elementor-widget elementor-widget-spacer\" data-id=\"b2e2717\" data-element_type=\"widget\" data-e-type=\"widget\" data-widget_type=\"spacer.default\">\n\t\t\t\t<div class=\"elementor-widget-container\">\n\t\t\t\t\t\t\t<div class=\"elementor-spacer\">\n\t\t\t<div class=\"elementor-spacer-inner\"><\/div>\n\t\t<\/div>\n\t\t\t\t\t\t<\/div>\n\t\t\t\t<\/div>\n\t\t\t\t<div class=\"elementor-element elementor-element-591ab3b elementor-widget elementor-widget-button\" data-id=\"591ab3b\" data-element_type=\"widget\" data-e-type=\"widget\" data-widget_type=\"button.default\">\n\t\t\t\t<div class=\"elementor-widget-container\">\n\t\t\t\t\t\t\t\t\t<div class=\"elementor-button-wrapper\">\n\t\t\t\t\t<a class=\"elementor-button elementor-button-link elementor-size-sm\" href=\"tel:+4989340066\">\n\t\t\t\t\t\t<span class=\"elementor-button-content-wrapper\">\n\t\t\t\t\t\t<span class=\"elementor-button-icon\">\n\t\t\t\t<i aria-hidden=\"true\" class=\"fas fa-phone-alt\"><\/i>\t\t\t<\/span>\n\t\t\t\t\t\t\t\t\t<span class=\"elementor-button-text\"> 089 - 34 00 66<\/span>\n\t\t\t\t\t<\/span>\n\t\t\t\t\t<\/a>\n\t\t\t\t<\/div>\n\t\t\t\t\t\t\t\t<\/div>\n\t\t\t\t<\/div>\n\t\t\t\t<div class=\"elementor-element elementor-element-93bda0f elementor-tablet-align-left elementor-widget elementor-widget-button\" data-id=\"93bda0f\" data-element_type=\"widget\" data-e-type=\"widget\" data-widget_type=\"button.default\">\n\t\t\t\t<div class=\"elementor-widget-container\">\n\t\t\t\t\t\t\t\t\t<div class=\"elementor-button-wrapper\">\n\t\t\t\t\t<a class=\"elementor-button elementor-button-link elementor-size-sm\" href=\"\/online-termin-buchung\">\n\t\t\t\t\t\t<span class=\"elementor-button-content-wrapper\">\n\t\t\t\t\t\t<span class=\"elementor-button-icon\">\n\t\t\t\t<i aria-hidden=\"true\" class=\"far fa-calendar-alt\"><\/i>\t\t\t<\/span>\n\t\t\t\t\t\t\t\t\t<span class=\"elementor-button-text\">Online appointment<\/span>\n\t\t\t\t\t<\/span>\n\t\t\t\t\t<\/a>\n\t\t\t\t<\/div>\n\t\t\t\t\t\t\t\t<\/div>\n\t\t\t\t<\/div>\n\t\t\t\t<div class=\"elementor-element elementor-element-8ac2f0f elementor-widget elementor-widget-button\" data-id=\"8ac2f0f\" data-element_type=\"widget\" data-e-type=\"widget\" data-widget_type=\"button.default\">\n\t\t\t\t<div class=\"elementor-widget-container\">\n\t\t\t\t\t\t\t\t\t<div class=\"elementor-button-wrapper\">\n\t\t\t\t\t<a class=\"elementor-button elementor-button-link elementor-size-sm\" href=\"mailto:praxis@leo.dental\">\n\t\t\t\t\t\t<span class=\"elementor-button-content-wrapper\">\n\t\t\t\t\t\t<span class=\"elementor-button-icon\">\n\t\t\t\t<i aria-hidden=\"true\" class=\"far fa-envelope\"><\/i>\t\t\t<\/span>\n\t\t\t\t\t\t\t\t\t<span class=\"elementor-button-text\">praxis@leo.dental<\/span>\n\t\t\t\t\t<\/span>\n\t\t\t\t\t<\/a>\n\t\t\t\t<\/div>\n\t\t\t\t\t\t\t\t<\/div>\n\t\t\t\t<\/div>\n\t\t\t\t\t<\/div>\n\t\t<\/div>\n\t\t\t\t<div class=\"elementor-column elementor-col-33 elementor-inner-column elementor-element elementor-element-9dbc8ef\" data-id=\"9dbc8ef\" data-element_type=\"column\" data-e-type=\"column\" data-settings=\"{&quot;background_background&quot;:&quot;classic&quot;}\">\n\t\t\t<div class=\"elementor-widget-wrap elementor-element-populated\">\n\t\t\t\t\t\t<div class=\"elementor-element elementor-element-ff31682 elementor-widget elementor-widget-heading\" data-id=\"ff31682\" data-element_type=\"widget\" data-e-type=\"widget\" data-widget_type=\"heading.default\">\n\t\t\t\t<div class=\"elementor-widget-container\">\n\t\t\t\t\t<h3 class=\"elementor-heading-title elementor-size-default\">Office hours<\/h3>\t\t\t\t<\/div>\n\t\t\t\t<\/div>\n\t\t\t\t<div class=\"elementor-element elementor-element-c23fdd4 elementor-widget elementor-widget-html\" data-id=\"c23fdd4\" data-element_type=\"widget\" data-e-type=\"widget\" data-widget_type=\"html.default\">\n\t\t\t\t<div class=\"elementor-widget-container\">\n\t\t\t\t\t    <table style=\"width: 100%; border: none;\">\n        <thead>\n        <\/thead>\n        <tbody>\n            <tr>\n                <td style=\"border: none; padding: 8px;\">Mon<\/td>\n                <td style=\"border: none; padding: 8px;\">8:30 to 12:30 - 2:00 to 6:00<\/td>\n            <\/tr>\n            <tr>\n                <td style=\"border: none; padding: 8px;\">Tue<\/td>\n                <td style=\"border: none; padding:8px;\">8:30 to 12:30 - 2:00 to 6:00<\/td>\n            <\/tr>\n            <tr>\n                <td style=\"border: none; padding: 8px;\">Wed<\/td>\n                <td style=\"border: none; padding: 8px;\">8:30 a.m. to 1 p.m<\/td>\n            <\/tr>\n            <tr>\n                <td style=\"border: none; padding: 8px;\">Thu<\/td>\n                <td style=\"border: none; padding: 8px;\">8:30 to 12:30 - 2:00 to 6:00<\/td>\n            <\/tr>\n            <tr>\n                <td style=\"border: none; padding: 8px;\">Fri<\/td>\n                <td style=\"border: none; padding: 8px;\">8:30 a.m. to 1 p.m<\/td>\n            <\/tr>\n        <\/tbody>\n    <\/table>\t\t\t\t<\/div>\n\t\t\t\t<\/div>\n\t\t\t\t\t<\/div>\n\t\t<\/div>\n\t\t\t\t\t<\/div>\n\t\t<\/section>\n\t\t\t\t<section class=\"elementor-section elementor-inner-section elementor-element elementor-element-13bb106 elementor-section-boxed elementor-section-height-default elementor-section-height-default\" data-id=\"13bb106\" data-element_type=\"section\" data-e-type=\"section\">\n\t\t\t\t\t\t<div class=\"elementor-container elementor-column-gap-default\">\n\t\t\t\t\t<div class=\"elementor-column elementor-col-50 elementor-inner-column elementor-element elementor-element-0a03505\" data-id=\"0a03505\" data-element_type=\"column\" data-e-type=\"column\">\n\t\t\t<div class=\"elementor-widget-wrap elementor-element-populated\">\n\t\t\t\t\t\t<div class=\"elementor-element elementor-element-186c72e elementor-widget__width-auto elementor-widget elementor-widget-button\" data-id=\"186c72e\" data-element_type=\"widget\" data-e-type=\"widget\" data-widget_type=\"button.default\">\n\t\t\t\t<div class=\"elementor-widget-container\">\n\t\t\t\t\t\t\t\t\t<div class=\"elementor-button-wrapper\">\n\t\t\t\t\t<a class=\"elementor-button elementor-button-link elementor-size-sm\" href=\"https:\/\/zahnarzt-muenchen-schwabing.dental\/wp-content\/uploads\/2024\/04\/Anmeldebogen_DE_interaktiv.pdf\" target=\"_blank\">\n\t\t\t\t\t\t<span class=\"elementor-button-content-wrapper\">\n\t\t\t\t\t\t<span class=\"elementor-button-icon\">\n\t\t\t\t<i aria-hidden=\"true\" class=\"far fa-file-pdf\"><\/i>\t\t\t<\/span>\n\t\t\t\t\t\t\t\t\t<span class=\"elementor-button-text\">Registration form (DE)<\/span>\n\t\t\t\t\t<\/span>\n\t\t\t\t\t<\/a>\n\t\t\t\t<\/div>\n\t\t\t\t\t\t\t\t<\/div>\n\t\t\t\t<\/div>\n\t\t\t\t<div class=\"elementor-element elementor-element-e69dd91 elementor-widget__width-auto elementor-widget elementor-widget-button\" data-id=\"e69dd91\" data-element_type=\"widget\" data-e-type=\"widget\" data-widget_type=\"button.default\">\n\t\t\t\t<div class=\"elementor-widget-container\">\n\t\t\t\t\t\t\t\t\t<div class=\"elementor-button-wrapper\">\n\t\t\t\t\t<a class=\"elementor-button elementor-button-link elementor-size-sm\" href=\"https:\/\/zahnarzt-muenchen-schwabing.dental\/wp-content\/uploads\/2024\/04\/Anmeldebogen_EN_interaktiv.pdf\" target=\"_blank\">\n\t\t\t\t\t\t<span class=\"elementor-button-content-wrapper\">\n\t\t\t\t\t\t<span class=\"elementor-button-icon\">\n\t\t\t\t<i aria-hidden=\"true\" class=\"far fa-file-pdf\"><\/i>\t\t\t<\/span>\n\t\t\t\t\t\t\t\t\t<span class=\"elementor-button-text\">Questionnaire (EN)<\/span>\n\t\t\t\t\t<\/span>\n\t\t\t\t\t<\/a>\n\t\t\t\t<\/div>\n\t\t\t\t\t\t\t\t<\/div>\n\t\t\t\t<\/div>\n\t\t\t\t\t<\/div>\n\t\t<\/div>\n\t\t\t\t<div class=\"elementor-column elementor-col-50 elementor-inner-column elementor-element elementor-element-87b786a\" data-id=\"87b786a\" data-element_type=\"column\" data-e-type=\"column\">\n\t\t\t<div class=\"elementor-widget-wrap\">\n\t\t\t\t\t\t\t<\/div>\n\t\t<\/div>\n\t\t\t\t\t<\/div>\n\t\t<\/section>\n\t\t\t\t<section class=\"elementor-section elementor-inner-section elementor-element elementor-element-a910f30 elementor-section-content-middle elementor-section-boxed elementor-section-height-default elementor-section-height-default\" data-id=\"a910f30\" data-element_type=\"section\" data-e-type=\"section\">\n\t\t\t\t\t\t<div class=\"elementor-container elementor-column-gap-default\">\n\t\t\t\t\t<div class=\"elementor-column elementor-col-50 elementor-inner-column elementor-element elementor-element-21e8394\" data-id=\"21e8394\" data-element_type=\"column\" data-e-type=\"column\">\n\t\t\t<div class=\"elementor-widget-wrap elementor-element-populated\">\n\t\t\t\t\t\t<div class=\"elementor-element elementor-element-40d39bc elementor-widget elementor-widget-heading\" data-id=\"40d39bc\" data-element_type=\"widget\" data-e-type=\"widget\" data-widget_type=\"heading.default\">\n\t\t\t\t<div class=\"elementor-widget-container\">\n\t\t\t\t\t<h3 class=\"elementor-heading-title elementor-size-default\">Directions for patients to our dental practice in Munich<\/h3>\t\t\t\t<\/div>\n\t\t\t\t<\/div>\n\t\t\t\t<div class=\"elementor-element elementor-element-2f3904b elementor-widget elementor-widget-text-editor\" data-id=\"2f3904b\" data-element_type=\"widget\" data-e-type=\"widget\" data-widget_type=\"text-editor.default\">\n\t\t\t\t<div class=\"elementor-widget-container\">\n\t\t\t\t\t\t\t\t\t<p>Thanks to our central location in Munich at Leopoldstrasse 74, our practice is easy to reach for you as a patient from Munich. By public transport you can take the U3 or U6 to M\u00fcnchner Freiheit. This is located very close to our practice.\u00a0<\/p><p>From M\u00fcnchner Freiheit it is only a few steps to number 74. If you come with a car, you will find parking garages and parking spaces within walking distance of your dentist in Schwabing.<\/p>\t\t\t\t\t\t\t\t<\/div>\n\t\t\t\t<\/div>\n\t\t\t\t\t<\/div>\n\t\t<\/div>\n\t\t\t\t<div class=\"elementor-column elementor-col-50 elementor-inner-column elementor-element elementor-element-34626a6\" data-id=\"34626a6\" data-element_type=\"column\" data-e-type=\"column\">\n\t\t\t<div class=\"elementor-widget-wrap elementor-element-populated\">\n\t\t\t\t\t\t<div class=\"elementor-element elementor-element-09674f6 elementor-widget elementor-widget-heading\" data-id=\"09674f6\" data-element_type=\"widget\" data-e-type=\"widget\" data-widget_type=\"heading.default\">\n\t\t\t\t<div class=\"elementor-widget-container\">\n\t\t\t\t\t<h3 class=\"elementor-heading-title elementor-size-default\">Location in Munich<\/h3>\t\t\t\t<\/div>\n\t\t\t\t<\/div>\n\t\t\t\t<div class=\"elementor-element elementor-element-351c5f1 elementor-widget elementor-widget-google_maps\" data-id=\"351c5f1\" data-element_type=\"widget\" data-e-type=\"widget\" data-widget_type=\"google_maps.default\">\n\t\t\t\t<div class=\"elementor-widget-container\">\n\t\t\t\t\t\t\t<div class=\"elementor-custom-embed\">\n\t\t\t <div class=\"brlbs-cmpnt-container brlbs-cmpnt-content-blocker brlbs-cmpnt-with-individual-styles\" data-borlabs-cookie-content-blocker-id=\"google-maps\" data-borlabs-cookie-content=\"PGlmcmFtZSBsb2FkaW5nPSJsYXp5IgoJCQkJCXNyYz0iaHR0cHM6Ly93d3cuZ29vZ2xlLmNvbS9tYXBzL2VtYmVkL3YxL3BsYWNlP2tleT1BSXphU3lDdUpXdmZ2RTV2U3UzV3pkNlNZQnZ0aGFzUWdyZkQ1ME0mIzAzODtxPVByYXhpcyUyMExlbyUyMERlbnRhbCUyMExlb3BvbGRzdHJhJUMzJTlGZSUyMDc0JTIwODA4MDIlMjBNJUMzJUJDbmNoZW4mIzAzODt6b29tPTEyIgoJCQkJCXRpdGxlPSJQcmF4aXMgTGVvIERlbnRhbCBMZW9wb2xkc3RyYcOfZSA3NCA4MDgwMiBNw7xuY2hlbiIKCQkJCQlhcmlhLWxhYmVsPSJQcmF4aXMgTGVvIERlbnRhbCBMZW9wb2xkc3RyYcOfZSA3NCA4MDgwMiBNw7xuY2hlbiIKCQkJPjwvaWZyYW1lPg==\"><div class=\"brlbs-cmpnt-cb-preset-b brlbs-cmpnt-cb-google-maps\"> <div class=\"brlbs-cmpnt-cb-thumbnail\" style=\"background-image: url('https:\/\/zahnarzt-muenchen-schwabing.dental\/wp-content\/uploads\/borlabs-cookie\/1\/brlbs-cb-google-maps-main.png')\"><\/div> <div class=\"brlbs-cmpnt-cb-main\"> <div class=\"brlbs-cmpnt-cb-content\"> <p class=\"brlbs-cmpnt-cb-description\">You are currently viewing a placeholder content from <strong>Google Maps<\/strong>To access the actual content, click the button below. Please note that this process involves sharing data with third parties.<\/p> <a class=\"brlbs-cmpnt-cb-provider-toggle\" href=\"#\" data-borlabs-cookie-show-provider-information role=\"button\">More information<\/a> <\/div> <div class=\"brlbs-cmpnt-cb-buttons\"> <a class=\"brlbs-cmpnt-cb-btn\" href=\"#\" data-borlabs-cookie-unblock role=\"button\">Unlock content<\/a> <a class=\"brlbs-cmpnt-cb-btn\" href=\"#\" data-borlabs-cookie-accept-service role=\"button\" style=\"display: inherit\">Accept required service and unlock content<\/a> <\/div> <\/div> <\/div><\/div>\n\t\t<\/div>\n\t\t\t\t\t\t<\/div>\n\t\t\t\t<\/div>\n\t\t\t\t<div class=\"elementor-element elementor-element-321b380 elementor-widget__width-auto elementor-widget elementor-widget-button\" data-id=\"321b380\" data-element_type=\"widget\" data-e-type=\"widget\" data-widget_type=\"button.default\">\n\t\t\t\t<div class=\"elementor-widget-container\">\n\t\t\t\t\t\t\t\t\t<div class=\"elementor-button-wrapper\">\n\t\t\t\t\t<a class=\"elementor-button elementor-button-link elementor-size-sm\" href=\"https:\/\/goo.gl\/maps\/55RwaCPP8AgYYYKQ6\" target=\"_blank\">\n\t\t\t\t\t\t<span class=\"elementor-button-content-wrapper\">\n\t\t\t\t\t\t<span class=\"elementor-button-icon\">\n\t\t\t\t<i aria-hidden=\"true\" class=\"far fa-map\"><\/i>\t\t\t<\/span>\n\t\t\t\t\t\t\t\t\t<span class=\"elementor-button-text\">Directions Google Maps<\/span>\n\t\t\t\t\t<\/span>\n\t\t\t\t\t<\/a>\n\t\t\t\t<\/div>\n\t\t\t\t\t\t\t\t<\/div>\n\t\t\t\t<\/div>\n\t\t\t\t\t<\/div>\n\t\t<\/div>\n\t\t\t\t\t<\/div>\n\t\t<\/section>\n\t\t\t\t\t<\/div>\n\t\t<\/div>\n\t\t\t\t\t<\/div>\n\t\t<\/section>\n\t\t\t\t<\/div>","protected":false},"excerpt":{"rendered":"<p>Egal wo der Zahn dr\u00fcckt! Leo Dental ist f\u00fcr Sie da. Unsere Praxis ist von 13.8. bis 5. 9. 2025 geschlossen. In dringenden F\u00e4llen wenden Sie sich an unsere Vertretung oder den Notdienst. Vereinbaren Sie einen Termin! Vereinbaren Sie einen Termin f\u00fcr Behandlung, professionelle Zahnreinigung, Prophylaxe oder individuelle Kontrolle. Wir sind gerne f\u00fcr Sie da. [&hellip;]<\/p>\n","protected":false},"author":1,"featured_media":0,"parent":0,"menu_order":0,"comment_status":"closed","ping_status":"closed","template":"elementor_header_footer","meta":{"_seopress_robots_primary_cat":"","_seopress_titles_title":"Kontakt der Zahnarztpraxis Leo Dental in M\u00fcnchen Schwabing","_seopress_titles_desc":"Zahnarztpraxis Leo Dental-Michael Hodbod, Leopoldstr. 74 in M\u00fcnchen Schwabing. Schreiben Sie uns oder rufen Sie an.","_seopress_robots_index":"","footnotes":""},"class_list":["post-49","page","type-page","status-publish","hentry"],"_links":{"self":[{"href":"https:\/\/zahnarzt-muenchen-schwabing.dental\/en\/wp-json\/wp\/v2\/pages\/49","targetHints":{"allow":["GET"]}}],"collection":[{"href":"https:\/\/zahnarzt-muenchen-schwabing.dental\/en\/wp-json\/wp\/v2\/pages"}],"about":[{"href":"https:\/\/zahnarzt-muenchen-schwabing.dental\/en\/wp-json\/wp\/v2\/types\/page"}],"author":[{"embeddable":true,"href":"https:\/\/zahnarzt-muenchen-schwabing.dental\/en\/wp-json\/wp\/v2\/users\/1"}],"replies":[{"embeddable":true,"href":"https:\/\/zahnarzt-muenchen-schwabing.dental\/en\/wp-json\/wp\/v2\/comments?post=49"}],"version-history":[{"count":107,"href":"https:\/\/zahnarzt-muenchen-schwabing.dental\/en\/wp-json\/wp\/v2\/pages\/49\/revisions"}],"predecessor-version":[{"id":3108,"href":"https:\/\/zahnarzt-muenchen-schwabing.dental\/en\/wp-json\/wp\/v2\/pages\/49\/revisions\/3108"}],"wp:attachment":[{"href":"https:\/\/zahnarzt-muenchen-schwabing.dental\/en\/wp-json\/wp\/v2\/media?parent=49"}],"curies":[{"name":"wp","href":"https:\/\/api.w.org\/{rel}","templated":true}]}}