{"id":45,"date":"2020-03-24T15:18:38","date_gmt":"2020-03-24T14:18:38","guid":{"rendered":"http:\/\/wordpress.p548662.webspaceconfig.de\/?page_id=45"},"modified":"2021-06-28T08:11:57","modified_gmt":"2021-06-28T06:11:57","slug":"practice","status":"publish","type":"page","link":"https:\/\/zahnarzt-muenchen-schwabing.dental\/en\/praxis\/","title":{"rendered":"practice"},"content":{"rendered":"<div data-elementor-type=\"wp-page\" data-elementor-id=\"45\" class=\"elementor elementor-45\" data-elementor-settings=\"{&quot;ha_cmc_init_switcher&quot;:&quot;no&quot;}\" data-elementor-post-type=\"page\">\n\t\t\t\t\t\t<section class=\"elementor-section elementor-top-section elementor-element elementor-element-a1adf50 elementor-section-boxed elementor-section-height-default elementor-section-height-default\" data-id=\"a1adf50\" data-element_type=\"section\" data-e-type=\"section\">\n\t\t\t\t\t\t<div class=\"elementor-container elementor-column-gap-default\">\n\t\t\t\t\t<div class=\"elementor-column elementor-col-100 elementor-top-column elementor-element elementor-element-9f72e85\" data-id=\"9f72e85\" data-element_type=\"column\" data-e-type=\"column\">\n\t\t\t<div class=\"elementor-widget-wrap elementor-element-populated\">\n\t\t\t\t\t\t<section class=\"elementor-section elementor-inner-section elementor-element elementor-element-8700117 elementor-section-boxed elementor-section-height-default elementor-section-height-default\" data-id=\"8700117\" data-element_type=\"section\" data-e-type=\"section\">\n\t\t\t\t\t\t<div class=\"elementor-container elementor-column-gap-default\">\n\t\t\t\t\t<div class=\"elementor-column elementor-col-50 elementor-inner-column elementor-element elementor-element-07be4b1\" data-id=\"07be4b1\" data-element_type=\"column\" data-e-type=\"column\">\n\t\t\t<div class=\"elementor-widget-wrap elementor-element-populated\">\n\t\t\t\t\t\t<div class=\"elementor-element elementor-element-9a0f497 elementor-widget elementor-widget-heading\" data-id=\"9a0f497\" data-element_type=\"widget\" data-e-type=\"widget\" data-widget_type=\"heading.default\">\n\t\t\t\t<div class=\"elementor-widget-container\">\n\t\t\t\t\t<h1 class=\"elementor-heading-title elementor-size-default\">Our practice in Schwabing<\/h1>\t\t\t\t<\/div>\n\t\t\t\t<\/div>\n\t\t\t\t<div class=\"elementor-element elementor-element-08231b0 elementor-widget elementor-widget-text-editor\" data-id=\"08231b0\" data-element_type=\"widget\" data-e-type=\"widget\" data-widget_type=\"text-editor.default\">\n\t\t\t\t<div class=\"elementor-widget-container\">\n\t\t\t\t\t\t\t\t\tWith a central location at Leopoldstrasse 74 in Schwabing in Munich, our practice offers you the best accessibility at all times and an attractive and pleasant treatment environment. Our new and bright practice rooms with their own laboratory are modern and friendly.\t\t\t\t\t\t\t\t<\/div>\n\t\t\t\t<\/div>\n\t\t\t\t\t<\/div>\n\t\t<\/div>\n\t\t\t\t<div class=\"elementor-column elementor-col-50 elementor-inner-column elementor-element elementor-element-11d2a60\" data-id=\"11d2a60\" data-element_type=\"column\" data-e-type=\"column\">\n\t\t\t<div class=\"elementor-widget-wrap elementor-element-populated\">\n\t\t\t\t\t\t<div class=\"elementor-element elementor-element-2d3bdc2 elementor-hidden-phone elementor-widget elementor-widget-google_maps\" data-id=\"2d3bdc2\" data-element_type=\"widget\" data-e-type=\"widget\" data-widget_type=\"google_maps.default\">\n\t\t\t\t<div class=\"elementor-widget-container\">\n\t\t\t\t\t\t\t<div class=\"elementor-custom-embed\">\n\t\t\t <div class=\"brlbs-cmpnt-container brlbs-cmpnt-content-blocker brlbs-cmpnt-with-individual-styles\" data-borlabs-cookie-content-blocker-id=\"google-maps\" data-borlabs-cookie-content=\"PGlmcmFtZSBsb2FkaW5nPSJsYXp5IgoJCQkJCXNyYz0iaHR0cHM6Ly93d3cuZ29vZ2xlLmNvbS9tYXBzL2VtYmVkL3YxL3BsYWNlP2tleT1BSXphU3lDdUpXdmZ2RTV2U3UzV3pkNlNZQnZ0aGFzUWdyZkQ1ME0mIzAzODtxPVByYXhpcyUyMExlbyUyMERlbnRhbCUyMExlb3BvbGRzdHJhJUMzJTlGZSUyMDc0JTIwODA4MDIlMjBNJUMzJUJDbmNoZW4mIzAzODt6b29tPTEwIgoJCQkJCXRpdGxlPSJQcmF4aXMgTGVvIERlbnRhbCBMZW9wb2xkc3RyYcOfZSA3NCA4MDgwMiBNw7xuY2hlbiIKCQkJCQlhcmlhLWxhYmVsPSJQcmF4aXMgTGVvIERlbnRhbCBMZW9wb2xkc3RyYcOfZSA3NCA4MDgwMiBNw7xuY2hlbiIKCQkJPjwvaWZyYW1lPg==\"><div class=\"brlbs-cmpnt-cb-preset-b brlbs-cmpnt-cb-google-maps\"> <div class=\"brlbs-cmpnt-cb-thumbnail\" style=\"background-image: url('https:\/\/zahnarzt-muenchen-schwabing.dental\/wp-content\/uploads\/borlabs-cookie\/1\/brlbs-cb-google-maps-main.png')\"><\/div> <div class=\"brlbs-cmpnt-cb-main\"> <div class=\"brlbs-cmpnt-cb-content\"> <p class=\"brlbs-cmpnt-cb-description\">You are currently viewing a placeholder content from <strong>Google Maps<\/strong>To access the actual content, click the button below. Please note that this process involves sharing data with third parties.<\/p> <a class=\"brlbs-cmpnt-cb-provider-toggle\" href=\"#\" data-borlabs-cookie-show-provider-information role=\"button\">More information<\/a> <\/div> <div class=\"brlbs-cmpnt-cb-buttons\"> <a class=\"brlbs-cmpnt-cb-btn\" href=\"#\" data-borlabs-cookie-unblock role=\"button\">Unlock content<\/a> <a class=\"brlbs-cmpnt-cb-btn\" href=\"#\" data-borlabs-cookie-accept-service role=\"button\" style=\"display: inherit\">Accept required service and unlock content<\/a> <\/div> <\/div> <\/div><\/div>\n\t\t<\/div>\n\t\t\t\t\t\t<\/div>\n\t\t\t\t<\/div>\n\t\t\t\t\t<\/div>\n\t\t<\/div>\n\t\t\t\t\t<\/div>\n\t\t<\/section>\n\t\t\t\t<section class=\"elementor-section elementor-inner-section elementor-element elementor-element-0a06dab elementor-section-boxed elementor-section-height-default elementor-section-height-default\" data-id=\"0a06dab\" data-element_type=\"section\" data-e-type=\"section\">\n\t\t\t\t\t\t<div class=\"elementor-container elementor-column-gap-default\">\n\t\t\t\t\t<div class=\"elementor-column elementor-col-50 elementor-inner-column elementor-element elementor-element-be78622\" data-id=\"be78622\" data-element_type=\"column\" data-e-type=\"column\">\n\t\t\t<div class=\"elementor-widget-wrap elementor-element-populated\">\n\t\t\t\t\t\t<div class=\"elementor-element elementor-element-4b36d5f elementor-widget elementor-widget-image\" data-id=\"4b36d5f\" data-element_type=\"widget\" data-e-type=\"widget\" data-widget_type=\"image.default\">\n\t\t\t\t<div class=\"elementor-widget-container\">\n\t\t\t\t\t\t\t\t\t\t\t\t\t\t\t\t<a href=\"https:\/\/zahnarzt-muenchen-schwabing.dental\/wp-content\/uploads\/2020\/03\/LeoDental_desk.jpg\" data-elementor-open-lightbox=\"yes\" data-elementor-lightbox-title=\"LeoDental_desk\" data-elementor-lightbox-description=\"Der Empfangsbereich der Zahnarztpraxis in Schwabing, M\u00fcnchen, besticht durch modernes Design mit warmem Holzelement.\" data-e-action-hash=\"#elementor-action%3Aaction%3Dlightbox%26settings%3DeyJpZCI6MzAsInVybCI6Imh0dHBzOlwvXC96YWhuYXJ6dC1tdWVuY2hlbi1zY2h3YWJpbmcuZGVudGFsXC93cC1jb250ZW50XC91cGxvYWRzXC8yMDIwXC8wM1wvTGVvRGVudGFsX2Rlc2suanBnIn0%3D\">\n\t\t\t\t\t\t\t<img fetchpriority=\"high\" decoding=\"async\" width=\"500\" height=\"438\" src=\"https:\/\/zahnarzt-muenchen-schwabing.dental\/wp-content\/uploads\/2020\/03\/LeoDental_desk.jpg\" class=\"attachment-large size-large wp-image-30\" alt=\"Modern dental reception in Schwabing, Munich with wood design.\" srcset=\"https:\/\/zahnarzt-muenchen-schwabing.dental\/wp-content\/uploads\/2020\/03\/LeoDental_desk.jpg 500w, https:\/\/zahnarzt-muenchen-schwabing.dental\/wp-content\/uploads\/2020\/03\/LeoDental_desk-300x263.jpg 300w\" sizes=\"(max-width: 500px) 100vw, 500px\" \/>\t\t\t\t\t\t\t\t<\/a>\n\t\t\t\t\t\t\t\t\t\t\t\t\t\t\t<\/div>\n\t\t\t\t<\/div>\n\t\t\t\t<div class=\"elementor-element elementor-element-48b9517 elementor-widget elementor-widget-image\" data-id=\"48b9517\" data-element_type=\"widget\" data-e-type=\"widget\" data-widget_type=\"image.default\">\n\t\t\t\t<div class=\"elementor-widget-container\">\n\t\t\t\t\t\t\t\t\t\t\t\t\t\t\t\t<a href=\"https:\/\/zahnarzt-muenchen-schwabing.dental\/wp-content\/uploads\/2020\/03\/LeoDental_Wartezimmer.jpg\" data-elementor-open-lightbox=\"yes\" data-elementor-lightbox-title=\"LeoDental_Wartezimmer\" data-elementor-lightbox-description=\"Einladendes Wartezimmer einer Zahnarztpraxis in Schwabing, ausgestattet mit bequemen Sesseln, Pflanzen und einer entspannenden Atmosph\u00e4re.\" data-e-action-hash=\"#elementor-action%3Aaction%3Dlightbox%26settings%3DeyJpZCI6MjgsInVybCI6Imh0dHBzOlwvXC96YWhuYXJ6dC1tdWVuY2hlbi1zY2h3YWJpbmcuZGVudGFsXC93cC1jb250ZW50XC91cGxvYWRzXC8yMDIwXC8wM1wvTGVvRGVudGFsX1dhcnRlemltbWVyLmpwZyJ9\">\n\t\t\t\t\t\t\t<img decoding=\"async\" width=\"500\" height=\"438\" src=\"https:\/\/zahnarzt-muenchen-schwabing.dental\/wp-content\/uploads\/2020\/03\/LeoDental_Wartezimmer.jpg\" class=\"attachment-large size-large wp-image-28\" alt=\"Cozy dentist waiting room with modern seating and plants in Schwabing.\" srcset=\"https:\/\/zahnarzt-muenchen-schwabing.dental\/wp-content\/uploads\/2020\/03\/LeoDental_Wartezimmer.jpg 500w, https:\/\/zahnarzt-muenchen-schwabing.dental\/wp-content\/uploads\/2020\/03\/LeoDental_Wartezimmer-300x263.jpg 300w\" sizes=\"(max-width: 500px) 100vw, 500px\" \/>\t\t\t\t\t\t\t\t<\/a>\n\t\t\t\t\t\t\t\t\t\t\t\t\t\t\t<\/div>\n\t\t\t\t<\/div>\n\t\t\t\t\t<\/div>\n\t\t<\/div>\n\t\t\t\t<div class=\"elementor-column elementor-col-50 elementor-inner-column elementor-element elementor-element-18bad03\" data-id=\"18bad03\" data-element_type=\"column\" data-e-type=\"column\">\n\t\t\t<div class=\"elementor-widget-wrap elementor-element-populated\">\n\t\t\t\t\t\t<div class=\"elementor-element elementor-element-678f905 elementor-widget elementor-widget-image\" data-id=\"678f905\" data-element_type=\"widget\" data-e-type=\"widget\" data-widget_type=\"image.default\">\n\t\t\t\t<div class=\"elementor-widget-container\">\n\t\t\t\t\t\t\t\t\t\t\t\t\t\t\t\t<a href=\"https:\/\/zahnarzt-muenchen-schwabing.dental\/wp-content\/uploads\/2020\/03\/LeoDental_BHZimmer2.jpg\" data-elementor-open-lightbox=\"yes\" data-elementor-lightbox-title=\"LeoDental_BHZimmer2\" data-elementor-lightbox-description=\"Helles Zahnarztzimmer in M\u00fcnchen Schwabing mit modernem Behandlungsstuhl, Technik und gro\u00dfen Fenstern f\u00fcr angenehme Behandlungen.\" data-e-action-hash=\"#elementor-action%3Aaction%3Dlightbox%26settings%3DeyJpZCI6ODYsInVybCI6Imh0dHBzOlwvXC96YWhuYXJ6dC1tdWVuY2hlbi1zY2h3YWJpbmcuZGVudGFsXC93cC1jb250ZW50XC91cGxvYWRzXC8yMDIwXC8wM1wvTGVvRGVudGFsX0JIWmltbWVyMi5qcGcifQ%3D%3D\">\n\t\t\t\t\t\t\t<img decoding=\"async\" width=\"500\" height=\"438\" src=\"https:\/\/zahnarzt-muenchen-schwabing.dental\/wp-content\/uploads\/2020\/03\/LeoDental_BHZimmer2.jpg\" class=\"attachment-large size-large wp-image-86\" alt=\"Treatment chair in the dentist&#039;s office in Munich Schwabing.\" srcset=\"https:\/\/zahnarzt-muenchen-schwabing.dental\/wp-content\/uploads\/2020\/03\/LeoDental_BHZimmer2.jpg 500w, https:\/\/zahnarzt-muenchen-schwabing.dental\/wp-content\/uploads\/2020\/03\/LeoDental_BHZimmer2-300x263.jpg 300w\" sizes=\"(max-width: 500px) 100vw, 500px\" \/>\t\t\t\t\t\t\t\t<\/a>\n\t\t\t\t\t\t\t\t\t\t\t\t\t\t\t<\/div>\n\t\t\t\t<\/div>\n\t\t\t\t<div class=\"elementor-element elementor-element-0ad45e2 elementor-widget elementor-widget-image\" data-id=\"0ad45e2\" data-element_type=\"widget\" data-e-type=\"widget\" data-widget_type=\"image.default\">\n\t\t\t\t<div class=\"elementor-widget-container\">\n\t\t\t\t\t\t\t\t\t\t\t\t\t\t\t\t<a href=\"https:\/\/zahnarzt-muenchen-schwabing.dental\/wp-content\/uploads\/2020\/03\/LeoDental_BHZimmer-1.jpg\" data-elementor-open-lightbox=\"yes\" data-elementor-lightbox-title=\"LeoDental_BHZimmer-1\" data-e-action-hash=\"#elementor-action%3Aaction%3Dlightbox%26settings%3DeyJpZCI6MjksInVybCI6Imh0dHBzOlwvXC96YWhuYXJ6dC1tdWVuY2hlbi1zY2h3YWJpbmcuZGVudGFsXC93cC1jb250ZW50XC91cGxvYWRzXC8yMDIwXC8wM1wvTGVvRGVudGFsX0JIWmltbWVyLTEuanBnIn0%3D\">\n\t\t\t\t\t\t\t<img loading=\"lazy\" decoding=\"async\" width=\"500\" height=\"438\" src=\"https:\/\/zahnarzt-muenchen-schwabing.dental\/wp-content\/uploads\/2020\/03\/LeoDental_BHZimmer-1.jpg\" class=\"attachment-large size-large wp-image-29\" alt=\"\" srcset=\"https:\/\/zahnarzt-muenchen-schwabing.dental\/wp-content\/uploads\/2020\/03\/LeoDental_BHZimmer-1.jpg 500w, https:\/\/zahnarzt-muenchen-schwabing.dental\/wp-content\/uploads\/2020\/03\/LeoDental_BHZimmer-1-300x263.jpg 300w\" sizes=\"(max-width: 500px) 100vw, 500px\" \/>\t\t\t\t\t\t\t\t<\/a>\n\t\t\t\t\t\t\t\t\t\t\t\t\t\t\t<\/div>\n\t\t\t\t<\/div>\n\t\t\t\t\t<\/div>\n\t\t<\/div>\n\t\t\t\t\t<\/div>\n\t\t<\/section>\n\t\t\t\t\t<\/div>\n\t\t<\/div>\n\t\t\t\t\t<\/div>\n\t\t<\/section>\n\t\t\t\t<section class=\"elementor-section elementor-top-section elementor-element elementor-element-be96939 elementor-section-boxed elementor-section-height-default elementor-section-height-default\" data-id=\"be96939\" data-element_type=\"section\" data-e-type=\"section\">\n\t\t\t\t\t\t<div class=\"elementor-container elementor-column-gap-default\">\n\t\t\t\t\t<div class=\"elementor-column elementor-col-100 elementor-top-column elementor-element elementor-element-8c46966\" data-id=\"8c46966\" data-element_type=\"column\" data-e-type=\"column\">\n\t\t\t<div class=\"elementor-widget-wrap elementor-element-populated\">\n\t\t\t\t\t\t<div class=\"elementor-element elementor-element-c6102b4 elementor-widget elementor-widget-text-editor\" data-id=\"c6102b4\" data-element_type=\"widget\" data-e-type=\"widget\" data-widget_type=\"text-editor.default\">\n\t\t\t\t<div class=\"elementor-widget-container\">\n\t\t\t\t\t\t\t\t\t<p>We at the Leo Dental practice in Schwabing can cover a wide range of services for you: we put implants, do prophylaxis, take care of your tooth preservation, as well as implant prosthetics, aesthetic dentistry and metal-free restorations. We also attach great importance to personal advice and treatment tailored to your needs.<\/p>\n<p><\/p>\n<p>This means that in our practice in Munich Schwabing we take time for you as an individual patient and first carry out a simple analysis of the current condition of your teeth - without any evaluation. Of course, after the dental examination you will receive tips on how you can improve the care of your teeth even further. You will be looked after by our team with in-depth specialist knowledge, the greatest care and experience. So that at the end of your visit to the dentist you can walk back with a smile.<\/p>\t\t\t\t\t\t\t\t<\/div>\n\t\t\t\t<\/div>\n\t\t\t\t\t<\/div>\n\t\t<\/div>\n\t\t\t\t\t<\/div>\n\t\t<\/section>\n\t\t\t\t<section class=\"elementor-section elementor-top-section elementor-element elementor-element-3310c7a elementor-section-boxed elementor-section-height-default elementor-section-height-default\" data-id=\"3310c7a\" data-element_type=\"section\" data-e-type=\"section\">\n\t\t\t\t\t\t<div class=\"elementor-container elementor-column-gap-default\">\n\t\t\t\t\t<div class=\"elementor-column elementor-col-100 elementor-top-column elementor-element elementor-element-533a9a5\" data-id=\"533a9a5\" data-element_type=\"column\" data-e-type=\"column\">\n\t\t\t<div class=\"elementor-widget-wrap elementor-element-populated\">\n\t\t\t\t\t\t<div class=\"elementor-element elementor-element-c93a4c2 elementor-widget elementor-widget-template\" data-id=\"c93a4c2\" data-element_type=\"widget\" data-e-type=\"widget\" data-widget_type=\"template.default\">\n\t\t\t\t<div class=\"elementor-widget-container\">\n\t\t\t\t\t\t\t<div class=\"elementor-template\">\n\t\t\t\t\t<div data-elementor-type=\"section\" data-elementor-id=\"592\" class=\"elementor elementor-592\" data-elementor-settings=\"{&quot;ha_cmc_init_switcher&quot;:&quot;no&quot;}\" data-elementor-post-type=\"elementor_library\">\n\t\t\t<div class=\"elementor-element elementor-element-b6ae7d9 e-flex e-con-boxed e-con e-parent\" data-id=\"b6ae7d9\" data-element_type=\"container\" data-e-type=\"container\">\n\t\t\t\t\t<div class=\"e-con-inner\">\n\t\t<div class=\"elementor-element elementor-element-8467981 e-con-full e-flex e-con e-child\" data-id=\"8467981\" data-element_type=\"container\" data-e-type=\"container\">\n\t\t<div class=\"elementor-element elementor-element-ea5793f e-con-full e-flex e-con e-child\" data-id=\"ea5793f\" data-element_type=\"container\" data-e-type=\"container\">\n\t\t<div class=\"elementor-element elementor-element-d224a9a e-con-full e-flex e-con e-child\" data-id=\"d224a9a\" data-element_type=\"container\" data-e-type=\"container\">\n\t\t\t\t<div class=\"elementor-element elementor-element-1bc5405 elementor-widget elementor-widget-ha-gradient-heading happy-addon ha-gradient-heading\" data-id=\"1bc5405\" data-element_type=\"widget\" data-e-type=\"widget\" data-widget_type=\"ha-gradient-heading.default\">\n\t\t\t\t<div class=\"elementor-widget-container\">\n\t\t\t\t\t<h3 class=\"ha-gradient-heading\">Call our practice in Munich!<\/h3>\t\t\t\t<\/div>\n\t\t\t\t<\/div>\n\t\t\t\t<div class=\"elementor-element elementor-element-0983568 elementor-widget elementor-widget-text-editor\" data-id=\"0983568\" data-element_type=\"widget\" data-e-type=\"widget\" data-widget_type=\"text-editor.default\">\n\t\t\t\t<div class=\"elementor-widget-container\">\n\t\t\t\t\t\t\t\t\t<p>Schedule an appointment at our dental practice in Munich! Call us or book your appointment online.\u00a0\u00a0<span style=\"letter-spacing: -0.4px;\">We are glad to be here for you.<\/span><\/p>\t\t\t\t\t\t\t\t<\/div>\n\t\t\t\t<\/div>\n\t\t\t\t<\/div>\n\t\t<div class=\"elementor-element elementor-element-b30e88a e-con-full e-flex e-con e-child\" data-id=\"b30e88a\" data-element_type=\"container\" data-e-type=\"container\">\n\t\t\t\t<div class=\"elementor-element elementor-element-b0632a0 elementor-widget elementor-widget-spacer\" data-id=\"b0632a0\" data-element_type=\"widget\" data-e-type=\"widget\" data-widget_type=\"spacer.default\">\n\t\t\t\t<div class=\"elementor-widget-container\">\n\t\t\t\t\t\t\t<div class=\"elementor-spacer\">\n\t\t\t<div class=\"elementor-spacer-inner\"><\/div>\n\t\t<\/div>\n\t\t\t\t\t\t<\/div>\n\t\t\t\t<\/div>\n\t\t\t\t<div class=\"elementor-element elementor-element-ed5357e elementor-widget elementor-widget-button\" data-id=\"ed5357e\" data-element_type=\"widget\" data-e-type=\"widget\" data-widget_type=\"button.default\">\n\t\t\t\t<div class=\"elementor-widget-container\">\n\t\t\t\t\t\t\t\t\t<div class=\"elementor-button-wrapper\">\n\t\t\t\t\t<a class=\"elementor-button elementor-button-link elementor-size-sm\" href=\"tel:+4989340066\">\n\t\t\t\t\t\t<span class=\"elementor-button-content-wrapper\">\n\t\t\t\t\t\t<span class=\"elementor-button-icon\">\n\t\t\t\t<i aria-hidden=\"true\" class=\"fas fa-phone-alt\"><\/i>\t\t\t<\/span>\n\t\t\t\t\t\t\t\t\t<span class=\"elementor-button-text\"> 089 - 34 00 66<\/span>\n\t\t\t\t\t<\/span>\n\t\t\t\t\t<\/a>\n\t\t\t\t<\/div>\n\t\t\t\t\t\t\t\t<\/div>\n\t\t\t\t<\/div>\n\t\t\t\t<div class=\"elementor-element elementor-element-7c67377 elementor-widget elementor-widget-button\" data-id=\"7c67377\" data-element_type=\"widget\" data-e-type=\"widget\" data-widget_type=\"button.default\">\n\t\t\t\t<div class=\"elementor-widget-container\">\n\t\t\t\t\t\t\t\t\t<div class=\"elementor-button-wrapper\">\n\t\t\t\t\t<a class=\"elementor-button elementor-button-link elementor-size-sm\" href=\"\/online-termin-buchung\">\n\t\t\t\t\t\t<span class=\"elementor-button-content-wrapper\">\n\t\t\t\t\t\t<span class=\"elementor-button-icon\">\n\t\t\t\t<i aria-hidden=\"true\" class=\"far fa-calendar-alt\"><\/i>\t\t\t<\/span>\n\t\t\t\t\t\t\t\t\t<span class=\"elementor-button-text\">Book an appointment online<\/span>\n\t\t\t\t\t<\/span>\n\t\t\t\t\t<\/a>\n\t\t\t\t<\/div>\n\t\t\t\t\t\t\t\t<\/div>\n\t\t\t\t<\/div>\n\t\t\t\t<div class=\"elementor-element elementor-element-d7c8056 elementor-widget elementor-widget-button\" data-id=\"d7c8056\" data-element_type=\"widget\" data-e-type=\"widget\" data-widget_type=\"button.default\">\n\t\t\t\t<div class=\"elementor-widget-container\">\n\t\t\t\t\t\t\t\t\t<div class=\"elementor-button-wrapper\">\n\t\t\t\t\t<a class=\"elementor-button elementor-button-link elementor-size-sm\" href=\"https:\/\/zahnarzt-muenchen-schwabing.dental\/kontakt\/\">\n\t\t\t\t\t\t<span class=\"elementor-button-content-wrapper\">\n\t\t\t\t\t\t<span class=\"elementor-button-icon\">\n\t\t\t\t<i aria-hidden=\"true\" class=\"far fa-address-card\"><\/i>\t\t\t<\/span>\n\t\t\t\t\t\t\t\t\t<span class=\"elementor-button-text\">To the contact page<\/span>\n\t\t\t\t\t<\/span>\n\t\t\t\t\t<\/a>\n\t\t\t\t<\/div>\n\t\t\t\t\t\t\t\t<\/div>\n\t\t\t\t<\/div>\n\t\t\t\t<\/div>\n\t\t<div class=\"elementor-element elementor-element-21f5fe2 e-con-full e-flex e-con e-child\" data-id=\"21f5fe2\" data-element_type=\"container\" data-e-type=\"container\" data-settings=\"{&quot;background_background&quot;:&quot;classic&quot;}\">\n\t\t\t\t<div class=\"elementor-element elementor-element-b8b48ae elementor-widget elementor-widget-heading\" data-id=\"b8b48ae\" data-element_type=\"widget\" data-e-type=\"widget\" data-widget_type=\"heading.default\">\n\t\t\t\t<div class=\"elementor-widget-container\">\n\t\t\t\t\t<h4 class=\"elementor-heading-title elementor-size-default\">Office hours<\/h4>\t\t\t\t<\/div>\n\t\t\t\t<\/div>\n\t\t\t\t<div class=\"elementor-element elementor-element-2ec84b2 elementor-widget elementor-widget-html\" data-id=\"2ec84b2\" data-element_type=\"widget\" data-e-type=\"widget\" data-widget_type=\"html.default\">\n\t\t\t\t<div class=\"elementor-widget-container\">\n\t\t\t\t\t    <table style=\"width: 100%; border: none;\">\n        <thead>\n        <\/thead>\n        <tbody>\n            <tr>\n                <td style=\"border: none; padding: 8px;\">Mon<\/td>\n                <td style=\"border: none; padding: 8px;\">8:30 to 12:30 - 2:00 to 6:00<\/td>\n            <\/tr>\n            <tr>\n                <td style=\"border: none; padding: 8px;\">Tue<\/td>\n                <td style=\"border: none; padding:8px;\">8:30 to 12:30 - 2:00 to 6:00<\/td>\n            <\/tr>\n            <tr>\n                <td style=\"border: none; padding: 8px;\">Wed<\/td>\n                <td style=\"border: none; padding: 8px;\">8:30 a.m. to 1 p.m<\/td>\n            <\/tr>\n            <tr>\n                <td style=\"border: none; padding: 8px;\">Thu<\/td>\n                <td style=\"border: none; padding: 8px;\">8:30 to 12:30 - 2:00 to 6:00<\/td>\n            <\/tr>\n            <tr>\n                <td style=\"border: none; padding: 8px;\">Fri<\/td>\n                <td style=\"border: none; padding: 8px;\">8:30 a.m. to 1 p.m<\/td>\n            <\/tr>\n        <\/tbody>\n    <\/table>\t\t\t\t<\/div>\n\t\t\t\t<\/div>\n\t\t\t\t<\/div>\n\t\t\t\t<\/div>\n\t\t\t\t<\/div>\n\t\t\t\t\t<\/div>\n\t\t\t\t<\/div>\n\t\t\t\t<\/div>\n\t\t\t\t<\/div>\n\t\t\t\t\t\t<\/div>\n\t\t\t\t<\/div>\n\t\t\t\t\t<\/div>\n\t\t<\/div>\n\t\t\t\t\t<\/div>\n\t\t<\/section>\n\t\t\t\t<\/div>","protected":false},"excerpt":{"rendered":"<p>Unsere Praxis in Schwabing Mit zentraler Lage in der Leopoldstra\u00dfe 74 in Schwabing in M\u00fcnchen, bietet Ihnen unsere Praxis jederzeit beste Erreichbarkeit und ein attraktives sowie angenehmes Behandlungsumfeld. Unsere neuen und hellen Praxisr\u00e4ume mit eigenem Labor sind modern und freundlich ausgestattet. Wir von der Zahnarztpraxis Leo Dental in Schwabing k\u00f6nnen ein breites Leistungsspektrum f\u00fcr Sie [&hellip;]<\/p>\n","protected":false},"author":1,"featured_media":0,"parent":0,"menu_order":0,"comment_status":"closed","ping_status":"closed","template":"elementor_header_footer","meta":{"_seopress_robots_primary_cat":"","_seopress_titles_title":"LEO Dental - Die Zahnarztpraxis in M\u00fcnchen Schwabing ","_seopress_titles_desc":"Unsere Leo Dental Zahnarztpraxis in M\u00fcnchen Schwabing ist mit der modernsten Technik ausgestattet und liegt zentral.","_seopress_robots_index":"","footnotes":""},"class_list":["post-45","page","type-page","status-publish","hentry"],"_links":{"self":[{"href":"https:\/\/zahnarzt-muenchen-schwabing.dental\/en\/wp-json\/wp\/v2\/pages\/45","targetHints":{"allow":["GET"]}}],"collection":[{"href":"https:\/\/zahnarzt-muenchen-schwabing.dental\/en\/wp-json\/wp\/v2\/pages"}],"about":[{"href":"https:\/\/zahnarzt-muenchen-schwabing.dental\/en\/wp-json\/wp\/v2\/types\/page"}],"author":[{"embeddable":true,"href":"https:\/\/zahnarzt-muenchen-schwabing.dental\/en\/wp-json\/wp\/v2\/users\/1"}],"replies":[{"embeddable":true,"href":"https:\/\/zahnarzt-muenchen-schwabing.dental\/en\/wp-json\/wp\/v2\/comments?post=45"}],"version-history":[{"count":0,"href":"https:\/\/zahnarzt-muenchen-schwabing.dental\/en\/wp-json\/wp\/v2\/pages\/45\/revisions"}],"wp:attachment":[{"href":"https:\/\/zahnarzt-muenchen-schwabing.dental\/en\/wp-json\/wp\/v2\/media?parent=45"}],"curies":[{"name":"wp","href":"https:\/\/api.w.org\/{rel}","templated":true}]}}