{"id":289,"date":"2020-03-31T12:57:34","date_gmt":"2020-03-31T10:57:34","guid":{"rendered":"http:\/\/wordpress.p548662.webspaceconfig.de\/?page_id=289"},"modified":"2020-07-08T12:38:20","modified_gmt":"2020-07-08T10:38:20","slug":"bmw-bkk","status":"publish","type":"page","link":"https:\/\/zahnarzt-muenchen-schwabing.dental\/en\/bmw-bkk\/","title":{"rendered":"BMW BKK"},"content":{"rendered":"<div data-elementor-type=\"wp-page\" data-elementor-id=\"289\" class=\"elementor elementor-289\" data-elementor-settings=\"{&quot;ha_cmc_init_switcher&quot;:&quot;no&quot;}\" data-elementor-post-type=\"page\">\n\t\t\t\t\t\t<section class=\"elementor-section elementor-top-section elementor-element elementor-element-273e0da elementor-section-height-min-height elementor-hidden-tablet elementor-hidden-phone elementor-section-boxed elementor-section-height-default elementor-section-items-middle\" data-id=\"273e0da\" data-element_type=\"section\" data-e-type=\"section\" data-settings=\"{&quot;background_background&quot;:&quot;classic&quot;}\">\n\t\t\t\t\t\t<div class=\"elementor-container elementor-column-gap-default\">\n\t\t\t\t\t<div class=\"elementor-column elementor-col-100 elementor-top-column elementor-element elementor-element-7f297a0\" data-id=\"7f297a0\" data-element_type=\"column\" data-e-type=\"column\">\n\t\t\t<div class=\"elementor-widget-wrap\">\n\t\t\t\t\t\t\t<\/div>\n\t\t<\/div>\n\t\t\t\t\t<\/div>\n\t\t<\/section>\n\t\t\t\t<section class=\"elementor-section elementor-top-section elementor-element elementor-element-044bb3b elementor-section-boxed elementor-section-height-default elementor-section-height-default\" data-id=\"044bb3b\" data-element_type=\"section\" data-e-type=\"section\">\n\t\t\t\t\t\t<div class=\"elementor-container elementor-column-gap-default\">\n\t\t\t\t\t<div class=\"elementor-column elementor-col-100 elementor-top-column elementor-element elementor-element-5bb992a\" data-id=\"5bb992a\" data-element_type=\"column\" data-e-type=\"column\">\n\t\t\t<div class=\"elementor-widget-wrap elementor-element-populated\">\n\t\t\t\t\t\t<section class=\"elementor-section elementor-inner-section elementor-element elementor-element-c800c12 elementor-section-boxed elementor-section-height-default elementor-section-height-default\" data-id=\"c800c12\" data-element_type=\"section\" data-e-type=\"section\">\n\t\t\t\t\t\t<div class=\"elementor-container elementor-column-gap-default\">\n\t\t\t\t\t<div class=\"elementor-column elementor-col-100 elementor-inner-column elementor-element elementor-element-0535832\" data-id=\"0535832\" data-element_type=\"column\" data-e-type=\"column\">\n\t\t\t<div class=\"elementor-widget-wrap elementor-element-populated\">\n\t\t\t\t\t\t<div class=\"elementor-element elementor-element-0da887a elementor-widget elementor-widget-heading\" data-id=\"0da887a\" data-element_type=\"widget\" data-e-type=\"widget\" data-widget_type=\"heading.default\">\n\t\t\t\t<div class=\"elementor-widget-container\">\n\t\t\t\t\t<h1 class=\"elementor-heading-title elementor-size-default\">We make you shine with white and healthy teeth in everyday life<\/h1>\t\t\t\t<\/div>\n\t\t\t\t<\/div>\n\t\t\t\t<div class=\"elementor-element elementor-element-ba83bd2 elementor-widget elementor-widget-heading\" data-id=\"ba83bd2\" data-element_type=\"widget\" data-e-type=\"widget\" data-widget_type=\"heading.default\">\n\t\t\t\t<div class=\"elementor-widget-container\">\n\t\t\t\t\t<h2 class=\"elementor-heading-title elementor-size-default\">BMW AG employees can now benefit from the bonus program<\/h2>\t\t\t\t<\/div>\n\t\t\t\t<\/div>\n\t\t\t\t<div class=\"elementor-element elementor-element-d9bb093 elementor-widget elementor-widget-text-editor\" data-id=\"d9bb093\" data-element_type=\"widget\" data-e-type=\"widget\" data-widget_type=\"text-editor.default\">\n\t\t\t\t<div class=\"elementor-widget-container\">\n\t\t\t\t\t\t\t\t\tThe BMW company health insurance - or BMW BKK for short - is a statutory health insurance that insures BMW employees and their families. The BKK offers a wide range of services related to chronic illnesses, nutrition or, for example, cancer prevention. Regular tooth care is also part of the BMW BKK insurance program and an important part of your health. You can obtain further advice on the services of the company health insurance in online branches or in the regional offices.\t\t\t\t\t\t\t\t<\/div>\n\t\t\t\t<\/div>\n\t\t\t\t\t<\/div>\n\t\t<\/div>\n\t\t\t\t\t<\/div>\n\t\t<\/section>\n\t\t\t\t\t<\/div>\n\t\t<\/div>\n\t\t\t\t\t<\/div>\n\t\t<\/section>\n\t\t\t\t<section class=\"elementor-section elementor-top-section elementor-element elementor-element-dafb2fb elementor-section-boxed elementor-section-height-default elementor-section-height-default\" data-id=\"dafb2fb\" data-element_type=\"section\" data-e-type=\"section\">\n\t\t\t\t\t\t<div class=\"elementor-container elementor-column-gap-default\">\n\t\t\t\t\t<div class=\"elementor-column elementor-col-100 elementor-top-column elementor-element elementor-element-ddc4c41\" data-id=\"ddc4c41\" data-element_type=\"column\" data-e-type=\"column\">\n\t\t\t<div class=\"elementor-widget-wrap elementor-element-populated\">\n\t\t\t\t\t\t<section class=\"elementor-section elementor-inner-section elementor-element elementor-element-58eedab elementor-section-boxed elementor-section-height-default elementor-section-height-default\" data-id=\"58eedab\" data-element_type=\"section\" data-e-type=\"section\">\n\t\t\t\t\t\t<div class=\"elementor-container elementor-column-gap-default\">\n\t\t\t\t\t<div class=\"elementor-column elementor-col-100 elementor-inner-column elementor-element elementor-element-9714fe2\" data-id=\"9714fe2\" data-element_type=\"column\" data-e-type=\"column\">\n\t\t\t<div class=\"elementor-widget-wrap elementor-element-populated\">\n\t\t\t\t\t\t<div class=\"elementor-element elementor-element-54cae8e elementor-widget elementor-widget-heading\" data-id=\"54cae8e\" data-element_type=\"widget\" data-e-type=\"widget\" data-widget_type=\"heading.default\">\n\t\t\t\t<div class=\"elementor-widget-container\">\n\t\t\t\t\t<h3 class=\"elementor-heading-title elementor-size-default\">Why do you need professional teeth cleaning? <\/h3>\t\t\t\t<\/div>\n\t\t\t\t<\/div>\n\t\t\t\t<div class=\"elementor-element elementor-element-22c6af8 elementor-widget elementor-widget-text-editor\" data-id=\"22c6af8\" data-element_type=\"widget\" data-e-type=\"widget\" data-widget_type=\"text-editor.default\">\n\t\t\t\t<div class=\"elementor-widget-container\">\n\t\t\t\t\t\t\t\t\tHealthy teeth can only be preserved in the long term with the help of regular prophylaxis and professional tooth cleaning. An annual tooth cleaning in Munich lowers the risk of dental diseases and ensures that bridges and crowns have a longer lifespan. For these reasons, prophylaxis grants are part of the regular offer of statutory health insurance. We would be happy to provide you with further information - just give us a call or send an email.\t\t\t\t\t\t\t\t<\/div>\n\t\t\t\t<\/div>\n\t\t\t\t\t<\/div>\n\t\t<\/div>\n\t\t\t\t\t<\/div>\n\t\t<\/section>\n\t\t\t\t\t<\/div>\n\t\t<\/div>\n\t\t\t\t\t<\/div>\n\t\t<\/section>\n\t\t\t\t<section class=\"elementor-section elementor-top-section elementor-element elementor-element-275780a elementor-section-boxed elementor-section-height-default elementor-section-height-default\" data-id=\"275780a\" data-element_type=\"section\" data-e-type=\"section\">\n\t\t\t\t\t\t<div class=\"elementor-container elementor-column-gap-default\">\n\t\t\t\t\t<div class=\"elementor-column elementor-col-100 elementor-top-column elementor-element elementor-element-9405332\" data-id=\"9405332\" data-element_type=\"column\" data-e-type=\"column\">\n\t\t\t<div class=\"elementor-widget-wrap elementor-element-populated\">\n\t\t\t\t\t\t<section class=\"elementor-section elementor-inner-section elementor-element elementor-element-3e0ead1 elementor-section-boxed elementor-section-height-default elementor-section-height-default\" data-id=\"3e0ead1\" data-element_type=\"section\" data-e-type=\"section\">\n\t\t\t\t\t\t<div class=\"elementor-container elementor-column-gap-default\">\n\t\t\t\t\t<div class=\"elementor-column elementor-col-50 elementor-inner-column elementor-element elementor-element-70064bb\" data-id=\"70064bb\" data-element_type=\"column\" data-e-type=\"column\">\n\t\t\t<div class=\"elementor-widget-wrap elementor-element-populated\">\n\t\t\t\t\t\t<div class=\"elementor-element elementor-element-48204a0 elementor-widget elementor-widget-heading\" data-id=\"48204a0\" data-element_type=\"widget\" data-e-type=\"widget\" data-widget_type=\"heading.default\">\n\t\t\t\t<div class=\"elementor-widget-container\">\n\t\t\t\t\t<h2 class=\"elementor-heading-title elementor-size-default\">What does the BMW BKK take on?\n<\/h2>\t\t\t\t<\/div>\n\t\t\t\t<\/div>\n\t\t\t\t<div class=\"elementor-element elementor-element-e7239c7 elementor-widget elementor-widget-text-editor\" data-id=\"e7239c7\" data-element_type=\"widget\" data-e-type=\"widget\" data-widget_type=\"text-editor.default\">\n\t\t\t\t<div class=\"elementor-widget-container\">\n\t\t\t\t\t\t\t\t\t<p>\u201cWith a professional cleaning once a year, your teeth are ideally protected. The BMW BKK supports professional teeth cleaning with a one-time grant of up to 40 euros per year for insured persons aged 18 and over. &quot;<\/p><p>\u00a0<\/p><p>Attention: The amount must first be paid by yourself. After submitting the original invoice by post (BMW BKK, Postfach 1533, 84126 Dingolfing), the subsidy of up to \u20ac 40 will be transferred to your account.<\/p><p><a href=\"https:\/\/www.bmwbkk.de\/de\/topics\/ihre-gesundheit\/zaehne\/prophylaxe.html#angebot\">You can find more information on the website of BMW BKK&gt;<\/a><\/p>\t\t\t\t\t\t\t\t<\/div>\n\t\t\t\t<\/div>\n\t\t\t\t<div class=\"elementor-element elementor-element-0a125db elementor-align-center elementor-widget elementor-widget-button\" data-id=\"0a125db\" data-element_type=\"widget\" data-e-type=\"widget\" data-widget_type=\"button.default\">\n\t\t\t\t<div class=\"elementor-widget-container\">\n\t\t\t\t\t\t\t\t\t<div class=\"elementor-button-wrapper\">\n\t\t\t\t\t<a class=\"elementor-button elementor-button-link elementor-size-sm\" href=\"#\">\n\t\t\t\t\t\t<span class=\"elementor-button-content-wrapper\">\n\t\t\t\t\t\t\t\t\t<span class=\"elementor-button-text\">Make an appointment online<\/span>\n\t\t\t\t\t<\/span>\n\t\t\t\t\t<\/a>\n\t\t\t\t<\/div>\n\t\t\t\t\t\t\t\t<\/div>\n\t\t\t\t<\/div>\n\t\t\t\t\t<\/div>\n\t\t<\/div>\n\t\t\t\t<div class=\"elementor-column elementor-col-50 elementor-inner-column elementor-element elementor-element-3e2fa2e\" data-id=\"3e2fa2e\" data-element_type=\"column\" data-e-type=\"column\">\n\t\t\t<div class=\"elementor-widget-wrap elementor-element-populated\">\n\t\t\t\t\t\t<div class=\"elementor-element elementor-element-5e62505 elementor-widget elementor-widget-image\" data-id=\"5e62505\" data-element_type=\"widget\" data-e-type=\"widget\" data-widget_type=\"image.default\">\n\t\t\t\t<div class=\"elementor-widget-container\">\n\t\t\t\t\t\t\t\t\t\t\t\t\t\t\t<img fetchpriority=\"high\" decoding=\"async\" width=\"800\" height=\"587\" src=\"https:\/\/zahnarzt-muenchen-schwabing.dental\/wp-content\/uploads\/2020\/03\/BMW__BKK_dental.jpg\" class=\"attachment-large size-large wp-image-293\" alt=\"BMW logo in car steering wheel, luxury automobile, high-quality vehicle brand, automobile, vehicles.\" srcset=\"https:\/\/zahnarzt-muenchen-schwabing.dental\/wp-content\/uploads\/2020\/03\/BMW__BKK_dental.jpg 870w, https:\/\/zahnarzt-muenchen-schwabing.dental\/wp-content\/uploads\/2020\/03\/BMW__BKK_dental-300x220.jpg 300w, https:\/\/zahnarzt-muenchen-schwabing.dental\/wp-content\/uploads\/2020\/03\/BMW__BKK_dental-768x563.jpg 768w\" sizes=\"(max-width: 800px) 100vw, 800px\" \/>\t\t\t\t\t\t\t\t\t\t\t\t\t\t\t<\/div>\n\t\t\t\t<\/div>\n\t\t\t\t\t<\/div>\n\t\t<\/div>\n\t\t\t\t\t<\/div>\n\t\t<\/section>\n\t\t\t\t\t<\/div>\n\t\t<\/div>\n\t\t\t\t\t<\/div>\n\t\t<\/section>\n\t\t\t\t<section class=\"elementor-section elementor-top-section elementor-element elementor-element-c16c2ac elementor-section-boxed elementor-section-height-default elementor-section-height-default\" data-id=\"c16c2ac\" data-element_type=\"section\" data-e-type=\"section\">\n\t\t\t\t\t\t<div class=\"elementor-container elementor-column-gap-default\">\n\t\t\t\t\t<div class=\"elementor-column elementor-col-100 elementor-top-column elementor-element elementor-element-5d4d8a0\" data-id=\"5d4d8a0\" data-element_type=\"column\" data-e-type=\"column\">\n\t\t\t<div class=\"elementor-widget-wrap elementor-element-populated\">\n\t\t\t\t\t\t<section class=\"elementor-section elementor-inner-section elementor-element elementor-element-b2ddb65 elementor-section-boxed elementor-section-height-default elementor-section-height-default\" data-id=\"b2ddb65\" data-element_type=\"section\" data-e-type=\"section\">\n\t\t\t\t\t\t<div class=\"elementor-container elementor-column-gap-default\">\n\t\t\t\t\t<div class=\"elementor-column elementor-col-50 elementor-inner-column elementor-element elementor-element-6b60ff0\" data-id=\"6b60ff0\" data-element_type=\"column\" data-e-type=\"column\">\n\t\t\t<div class=\"elementor-widget-wrap elementor-element-populated\">\n\t\t\t\t\t\t<div class=\"elementor-element elementor-element-2b42917 elementor-widget elementor-widget-image\" data-id=\"2b42917\" data-element_type=\"widget\" data-e-type=\"widget\" data-widget_type=\"image.default\">\n\t\t\t\t<div class=\"elementor-widget-container\">\n\t\t\t\t\t\t\t\t\t\t\t\t\t\t\t<img decoding=\"async\" width=\"640\" height=\"392\" src=\"https:\/\/zahnarzt-muenchen-schwabing.dental\/wp-content\/uploads\/2020\/03\/bmw_leo-dental_schwabing.jpg\" class=\"attachment-large size-large wp-image-295\" alt=\"Fresh red chili on a white smile, healthy gums and beautiful teeth.\" srcset=\"https:\/\/zahnarzt-muenchen-schwabing.dental\/wp-content\/uploads\/2020\/03\/bmw_leo-dental_schwabing.jpg 640w, https:\/\/zahnarzt-muenchen-schwabing.dental\/wp-content\/uploads\/2020\/03\/bmw_leo-dental_schwabing-300x184.jpg 300w\" sizes=\"(max-width: 640px) 100vw, 640px\" \/>\t\t\t\t\t\t\t\t\t\t\t\t\t\t\t<\/div>\n\t\t\t\t<\/div>\n\t\t\t\t\t<\/div>\n\t\t<\/div>\n\t\t\t\t<div class=\"elementor-column elementor-col-50 elementor-inner-column elementor-element elementor-element-fdcff24\" data-id=\"fdcff24\" data-element_type=\"column\" data-e-type=\"column\">\n\t\t\t<div class=\"elementor-widget-wrap elementor-element-populated\">\n\t\t\t\t\t\t<div class=\"elementor-element elementor-element-568a050 elementor-widget elementor-widget-heading\" data-id=\"568a050\" data-element_type=\"widget\" data-e-type=\"widget\" data-widget_type=\"heading.default\">\n\t\t\t\t<div class=\"elementor-widget-container\">\n\t\t\t\t\t<h2 class=\"elementor-heading-title elementor-size-default\">Individual steps of professional teeth cleaning<\/h2>\t\t\t\t<\/div>\n\t\t\t\t<\/div>\n\t\t\t\t<div class=\"elementor-element elementor-element-bcbd28f elementor-widget elementor-widget-text-editor\" data-id=\"bcbd28f\" data-element_type=\"widget\" data-e-type=\"widget\" data-widget_type=\"text-editor.default\">\n\t\t\t\t<div class=\"elementor-widget-container\">\n\t\t\t\t\t\t\t\t\t<ul style=\"box-sizing: border-box; margin: 0px 0px 20px 16px; list-style-position: outside; list-style-image: none; padding: 0px; line-height: 32px; letter-spacing: -0.3px;\"><li style=\"box-sizing: border-box;\">Before we start the treatment, we examine your teeth and gums in advance and individually.<\/li><li style=\"box-sizing: border-box;\">Dental plaque and tartar are then professionally removed.<\/li><li style=\"box-sizing: border-box;\">Stubborn deposits are also removed from the gum pockets and spaces between the teeth.<\/li><li style=\"box-sizing: border-box;\">Polishing the teeth ensures smooth and clean surfaces.<\/li><li style=\"box-sizing: border-box;\">In order to protect the teeth from possible acids and oral bacteria, they are coated with fluoride varnish.<\/li><li style=\"box-sizing: border-box;\">Last but not least, there will be a free debriefing in which you will receive important tips for your daily oral care.<\/li><\/ul>\t\t\t\t\t\t\t\t<\/div>\n\t\t\t\t<\/div>\n\t\t\t\t\t<\/div>\n\t\t<\/div>\n\t\t\t\t\t<\/div>\n\t\t<\/section>\n\t\t\t\t\t<\/div>\n\t\t<\/div>\n\t\t\t\t\t<\/div>\n\t\t<\/section>\n\t\t\t\t<\/div>","protected":false},"excerpt":{"rendered":"<p>Wir bringen dich im Alltag zum Strahlen mit wei\u00dfen und gesunden Z\u00e4hnen Mitarbeiter der BMW AG profitieren jetzt mithilfe des Bonusprogramms Die Betriebskrankenkasse von BMW \u2013 kurz BMW BKK \u2013 ist eine gesetztliche Krankenkasse, welche Mitarbeiter von BMW und deren Angeh\u00f6rige versichert. Die BKK bietet verschiedenste Leistungen rund um chronische Krankheiten, Ern\u00e4hrung oder beispielsweise auch [&hellip;]<\/p>\n","protected":false},"author":1,"featured_media":0,"parent":0,"menu_order":0,"comment_status":"closed","ping_status":"closed","template":"elementor_header_footer","meta":{"_seopress_robots_primary_cat":"","_seopress_titles_title":"BMW BKK - Zahnarzt in M\u00fcnchen-Schwabing Leo Dental","_seopress_titles_desc":"Um die Langlebigkeit der Z\u00e4hne Ihrer Versicherten zu garantieren, unterst\u00fctzt die BMW BKK einmal pro Jahr die professionelle Zahnreinigung finanziell.","_seopress_robots_index":"","footnotes":""},"class_list":["post-289","page","type-page","status-publish","hentry"],"_links":{"self":[{"href":"https:\/\/zahnarzt-muenchen-schwabing.dental\/en\/wp-json\/wp\/v2\/pages\/289","targetHints":{"allow":["GET"]}}],"collection":[{"href":"https:\/\/zahnarzt-muenchen-schwabing.dental\/en\/wp-json\/wp\/v2\/pages"}],"about":[{"href":"https:\/\/zahnarzt-muenchen-schwabing.dental\/en\/wp-json\/wp\/v2\/types\/page"}],"author":[{"embeddable":true,"href":"https:\/\/zahnarzt-muenchen-schwabing.dental\/en\/wp-json\/wp\/v2\/users\/1"}],"replies":[{"embeddable":true,"href":"https:\/\/zahnarzt-muenchen-schwabing.dental\/en\/wp-json\/wp\/v2\/comments?post=289"}],"version-history":[{"count":0,"href":"https:\/\/zahnarzt-muenchen-schwabing.dental\/en\/wp-json\/wp\/v2\/pages\/289\/revisions"}],"wp:attachment":[{"href":"https:\/\/zahnarzt-muenchen-schwabing.dental\/en\/wp-json\/wp\/v2\/media?parent=289"}],"curies":[{"name":"wp","href":"https:\/\/api.w.org\/{rel}","templated":true}]}}