{"id":1932,"date":"2022-10-04T12:08:31","date_gmt":"2022-10-04T10:08:31","guid":{"rendered":"https:\/\/zahnarzt-muenchen-schwabing.dental\/?page_id=1932"},"modified":"2022-10-04T13:26:07","modified_gmt":"2022-10-04T11:26:07","slug":"job-offer-zfa-4","status":"publish","type":"page","link":"https:\/\/zahnarzt-muenchen-schwabing.dental\/en\/stellenangebot-zmp\/","title":{"rendered":"Stellenangebot ZMP"},"content":{"rendered":"<div data-elementor-type=\"wp-page\" data-elementor-id=\"1932\" class=\"elementor elementor-1932\" data-elementor-settings=\"{&quot;ha_cmc_init_switcher&quot;:&quot;no&quot;}\" data-elementor-post-type=\"page\">\n\t\t\t\t\t\t<section class=\"elementor-section elementor-top-section elementor-element elementor-element-1b0cb74 elementor-section-boxed elementor-section-height-default elementor-section-height-default\" data-id=\"1b0cb74\" data-element_type=\"section\" data-e-type=\"section\" data-settings=\"{&quot;background_background&quot;:&quot;gradient&quot;}\">\n\t\t\t\t\t\t<div class=\"elementor-container elementor-column-gap-default\">\n\t\t\t\t\t<div class=\"elementor-column elementor-col-100 elementor-top-column elementor-element elementor-element-622cc56\" data-id=\"622cc56\" data-element_type=\"column\" data-e-type=\"column\">\n\t\t\t<div class=\"elementor-widget-wrap elementor-element-populated\">\n\t\t\t\t\t\t<section class=\"elementor-section elementor-inner-section elementor-element elementor-element-c780c9e elementor-section-boxed elementor-section-height-default elementor-section-height-default\" data-id=\"c780c9e\" data-element_type=\"section\" data-e-type=\"section\">\n\t\t\t\t\t\t<div class=\"elementor-container elementor-column-gap-default\">\n\t\t\t\t\t<div class=\"elementor-column elementor-col-50 elementor-inner-column elementor-element elementor-element-85d48a2\" data-id=\"85d48a2\" data-element_type=\"column\" data-e-type=\"column\">\n\t\t\t<div class=\"elementor-widget-wrap elementor-element-populated\">\n\t\t\t\t\t\t<div class=\"elementor-element elementor-element-c23bb12 elementor-widget elementor-widget-heading\" data-id=\"c23bb12\" data-element_type=\"widget\" data-e-type=\"widget\" data-widget_type=\"heading.default\">\n\t\t\t\t<div class=\"elementor-widget-container\">\n\t\t\t\t\t<h1 class=\"elementor-heading-title elementor-size-default\">Dental Prophylaxis Assistant (m\/f\/d)<br>\nat Leo Dental<\/h1>\t\t\t\t<\/div>\n\t\t\t\t<\/div>\n\t\t\t\t<div class=\"elementor-element elementor-element-86f8d69 elementor-widget elementor-widget-heading\" data-id=\"86f8d69\" data-element_type=\"widget\" data-e-type=\"widget\" data-widget_type=\"heading.default\">\n\t\t\t\t<div class=\"elementor-widget-container\">\n\t\t\t\t\t<h2 class=\"elementor-heading-title elementor-size-default\">Become part of our team.<\/h2>\t\t\t\t<\/div>\n\t\t\t\t<\/div>\n\t\t\t\t<div class=\"elementor-element elementor-element-51698ba elementor-widget elementor-widget-text-editor\" data-id=\"51698ba\" data-element_type=\"widget\" data-e-type=\"widget\" data-widget_type=\"text-editor.default\">\n\t\t\t\t<div class=\"elementor-widget-container\">\n\t\t\t\t\t\t\t\t\tWe would like to expand our young, dynamic team as soon as possible and are looking for an employee for our dental practice in the heart of Schwabing.\n\n\t\t\t\t\t\t\t\t<\/div>\n\t\t\t\t<\/div>\n\t\t\t\t\t<\/div>\n\t\t<\/div>\n\t\t\t\t<div class=\"elementor-column elementor-col-50 elementor-inner-column elementor-element elementor-element-2a064c6\" data-id=\"2a064c6\" data-element_type=\"column\" data-e-type=\"column\">\n\t\t\t<div class=\"elementor-widget-wrap elementor-element-populated\">\n\t\t\t\t\t\t<div class=\"elementor-element elementor-element-59d2f5d elementor-widget elementor-widget-image\" data-id=\"59d2f5d\" data-element_type=\"widget\" data-e-type=\"widget\" data-widget_type=\"image.default\">\n\t\t\t\t<div class=\"elementor-widget-container\">\n\t\t\t\t\t\t\t\t\t\t\t\t\t\t\t<img fetchpriority=\"high\" decoding=\"async\" width=\"1385\" height=\"924\" src=\"https:\/\/zahnarzt-muenchen-schwabing.dental\/wp-content\/uploads\/2020\/03\/leodental-team-mitarbeitet.jpg\" class=\"attachment-full size-full wp-image-67\" alt=\"Clean dental team in Munich&#039;s Schwabing, friendly practice staff.\" srcset=\"https:\/\/zahnarzt-muenchen-schwabing.dental\/wp-content\/uploads\/2020\/03\/leodental-team-mitarbeitet.jpg 1385w, https:\/\/zahnarzt-muenchen-schwabing.dental\/wp-content\/uploads\/2020\/03\/leodental-team-mitarbeitet-300x200.jpg 300w, https:\/\/zahnarzt-muenchen-schwabing.dental\/wp-content\/uploads\/2020\/03\/leodental-team-mitarbeitet-1024x683.jpg 1024w, https:\/\/zahnarzt-muenchen-schwabing.dental\/wp-content\/uploads\/2020\/03\/leodental-team-mitarbeitet-768x512.jpg 768w, https:\/\/zahnarzt-muenchen-schwabing.dental\/wp-content\/uploads\/2020\/03\/leodental-team-mitarbeitet-1536x1025.jpg 1536w\" sizes=\"(max-width: 1385px) 100vw, 1385px\" \/>\t\t\t\t\t\t\t\t\t\t\t\t\t\t\t<\/div>\n\t\t\t\t<\/div>\n\t\t\t\t\t<\/div>\n\t\t<\/div>\n\t\t\t\t\t<\/div>\n\t\t<\/section>\n\t\t\t\t<div class=\"elementor-element elementor-element-fe645bd elementor-widget elementor-widget-spacer\" data-id=\"fe645bd\" data-element_type=\"widget\" data-e-type=\"widget\" data-widget_type=\"spacer.default\">\n\t\t\t\t<div class=\"elementor-widget-container\">\n\t\t\t\t\t\t\t<div class=\"elementor-spacer\">\n\t\t\t<div class=\"elementor-spacer-inner\"><\/div>\n\t\t<\/div>\n\t\t\t\t\t\t<\/div>\n\t\t\t\t<\/div>\n\t\t\t\t<div class=\"elementor-element elementor-element-a6ef76d elementor-widget elementor-widget-heading\" data-id=\"a6ef76d\" data-element_type=\"widget\" data-e-type=\"widget\" data-widget_type=\"heading.default\">\n\t\t\t\t<div class=\"elementor-widget-container\">\n\t\t\t\t\t<h3 class=\"elementor-heading-title elementor-size-default\">tasks<\/h3>\t\t\t\t<\/div>\n\t\t\t\t<\/div>\n\t\t\t\t<div class=\"elementor-element elementor-element-f06ea47 elementor-widget elementor-widget-text-editor\" data-id=\"f06ea47\" data-element_type=\"widget\" data-e-type=\"widget\" data-widget_type=\"text-editor.default\">\n\t\t\t\t<div class=\"elementor-widget-container\">\n\t\t\t\t\t\t\t\t\t<ul><li>Implementation of individual prophylaxis in adults and children<\/li><li>Taking X-ray images<\/li><li>Compliance with hygiene standards<\/li><li>Disinfection and sterilization of instruments and equipment<\/li><li>Chair assistance if required<\/li><\/ul>\t\t\t\t\t\t\t\t<\/div>\n\t\t\t\t<\/div>\n\t\t\t\t<div class=\"elementor-element elementor-element-a2b1523 elementor-widget elementor-widget-heading\" data-id=\"a2b1523\" data-element_type=\"widget\" data-e-type=\"widget\" data-widget_type=\"heading.default\">\n\t\t\t\t<div class=\"elementor-widget-container\">\n\t\t\t\t\t<h3 class=\"elementor-heading-title elementor-size-default\">requirements<\/h3>\t\t\t\t<\/div>\n\t\t\t\t<\/div>\n\t\t\t\t<div class=\"elementor-element elementor-element-fb28ff7 elementor-widget elementor-widget-text-editor\" data-id=\"fb28ff7\" data-element_type=\"widget\" data-e-type=\"widget\" data-widget_type=\"text-editor.default\">\n\t\t\t\t<div class=\"elementor-widget-container\">\n\t\t\t\t\t\t\t\t\t<ul><li style=\"font-weight: 400;\" aria-level=\"1\"><span style=\"font-weight: 400;\">Completed training as a dental assistant (ZMP)<\/span><\/li><li style=\"font-weight: 400;\" aria-level=\"1\"><span style=\"font-weight: 400;\">Security and sensitivity in dealing with people<\/span><\/li><li style=\"font-weight: 400;\" aria-level=\"1\"><span style=\"font-weight: 400;\">Enjoyment of work and active participation<\/span><\/li><li style=\"font-weight: 400;\" aria-level=\"1\"><span style=\"font-weight: 400;\">Punctuality, reliability and the ability to work in a team<\/span><\/li><li style=\"font-weight: 400;\" aria-level=\"1\"><span style=\"font-weight: 400;\">Confident handling of the German language<\/span><\/li><\/ul>\t\t\t\t\t\t\t\t<\/div>\n\t\t\t\t<\/div>\n\t\t\t\t<div class=\"elementor-element elementor-element-9df3ff1 elementor-widget elementor-widget-heading\" data-id=\"9df3ff1\" data-element_type=\"widget\" data-e-type=\"widget\" data-widget_type=\"heading.default\">\n\t\t\t\t<div class=\"elementor-widget-container\">\n\t\t\t\t\t<h3 class=\"elementor-heading-title elementor-size-default\">Benefits<\/h3>\t\t\t\t<\/div>\n\t\t\t\t<\/div>\n\t\t\t\t<div class=\"elementor-element elementor-element-6b75a70 elementor-widget elementor-widget-text-editor\" data-id=\"6b75a70\" data-element_type=\"widget\" data-e-type=\"widget\" data-widget_type=\"text-editor.default\">\n\t\t\t\t<div class=\"elementor-widget-container\">\n\t\t\t\t\t\t\t\t\t<ul><li style=\"font-weight: 400;\" aria-level=\"1\"><span style=\"font-weight: 400;\">Trained and professional staff<\/span><\/li><li style=\"font-weight: 400;\" aria-level=\"1\"><span style=\"font-weight: 400;\">State-of-the-art practice and office equipment<\/span><\/li><li style=\"font-weight: 400;\" aria-level=\"1\"><span style=\"font-weight: 400;\">A friendly, innovative and fresh work environment<\/span><\/li><li style=\"font-weight: 400;\" aria-level=\"1\"><span style=\"font-weight: 400;\">Team meetings, internal training and team events<\/span><\/li><li style=\"font-weight: 400;\" aria-level=\"1\"><span style=\"font-weight: 400;\">An above-average remuneration<\/span><\/li><li style=\"font-weight: 400;\" aria-level=\"1\"><span style=\"font-weight: 400;\">Regulated working and vacation times<\/span><\/li><li style=\"font-weight: 400;\" aria-level=\"1\"><span style=\"background-color: transparent; letter-spacing: -0.4px;\">Central location in Munich with very good public connections<\/span><\/li><\/ul>\t\t\t\t\t\t\t\t<\/div>\n\t\t\t\t<\/div>\n\t\t\t\t<div class=\"elementor-element elementor-element-f705306 elementor-widget elementor-widget-heading\" data-id=\"f705306\" data-element_type=\"widget\" data-e-type=\"widget\" data-widget_type=\"heading.default\">\n\t\t\t\t<div class=\"elementor-widget-container\">\n\t\t\t\t\t<h3 class=\"elementor-heading-title elementor-size-default\">type of enployment<\/h3>\t\t\t\t<\/div>\n\t\t\t\t<\/div>\n\t\t\t\t<div class=\"elementor-element elementor-element-945b9d3 elementor-widget elementor-widget-text-editor\" data-id=\"945b9d3\" data-element_type=\"widget\" data-e-type=\"widget\" data-widget_type=\"text-editor.default\">\n\t\t\t\t<div class=\"elementor-widget-container\">\n\t\t\t\t\t\t\t\t\t<p>Full-time or part-time employment<\/p>\t\t\t\t\t\t\t\t<\/div>\n\t\t\t\t<\/div>\n\t\t\t\t\t<\/div>\n\t\t<\/div>\n\t\t\t\t\t<\/div>\n\t\t<\/section>\n\t\t\t\t<section class=\"elementor-section elementor-top-section elementor-element elementor-element-18c1069 elementor-section-boxed elementor-section-height-default elementor-section-height-default\" data-id=\"18c1069\" data-element_type=\"section\" data-e-type=\"section\" data-settings=\"{&quot;background_background&quot;:&quot;gradient&quot;}\">\n\t\t\t\t\t\t<div class=\"elementor-container elementor-column-gap-default\">\n\t\t\t\t\t<div class=\"elementor-column elementor-col-50 elementor-top-column elementor-element elementor-element-99f43f9\" data-id=\"99f43f9\" data-element_type=\"column\" data-e-type=\"column\" data-settings=\"{&quot;background_background&quot;:&quot;classic&quot;}\">\n\t\t\t<div class=\"elementor-widget-wrap elementor-element-populated\">\n\t\t\t\t\t\t<div class=\"elementor-element elementor-element-ab06fb9 elementor-widget elementor-widget-button\" data-id=\"ab06fb9\" data-element_type=\"widget\" data-e-type=\"widget\" data-widget_type=\"button.default\">\n\t\t\t\t<div class=\"elementor-widget-container\">\n\t\t\t\t\t\t\t\t\t<div class=\"elementor-button-wrapper\">\n\t\t\t\t\t<a class=\"elementor-button elementor-button-link elementor-size-sm\" href=\"mailto:praxis@leo.dental\">\n\t\t\t\t\t\t<span class=\"elementor-button-content-wrapper\">\n\t\t\t\t\t\t\t\t\t<span class=\"elementor-button-text\">Apply now<\/span>\n\t\t\t\t\t<\/span>\n\t\t\t\t\t<\/a>\n\t\t\t\t<\/div>\n\t\t\t\t\t\t\t\t<\/div>\n\t\t\t\t<\/div>\n\t\t\t\t<div class=\"elementor-element elementor-element-a169a98 elementor-widget elementor-widget-text-editor\" data-id=\"a169a98\" data-element_type=\"widget\" data-e-type=\"widget\" data-widget_type=\"text-editor.default\">\n\t\t\t\t<div class=\"elementor-widget-container\">\n\t\t\t\t\t\t\t\t\t<p>Please send your application to Dr. Michael Hodbod under <a href=\"mailto:praxis@leo.dental\">praxis@leo.dental<\/a>\u00a0or click on &quot;apply now&quot;.<\/p>\t\t\t\t\t\t\t\t<\/div>\n\t\t\t\t<\/div>\n\t\t\t\t<div class=\"elementor-element elementor-element-4fe3733 elementor-widget elementor-widget-text-editor\" data-id=\"4fe3733\" data-element_type=\"widget\" data-e-type=\"widget\" data-widget_type=\"text-editor.default\">\n\t\t\t\t<div class=\"elementor-widget-container\">\n\t\t\t\t\t\t\t\t\t<p>Do not hesitate and contact the for an initial contact or if you have any questions <a href=\"tel:089340066\">089 \u2013 34 00 66<\/a>.<\/p>\t\t\t\t\t\t\t\t<\/div>\n\t\t\t\t<\/div>\n\t\t\t\t<div class=\"elementor-element elementor-element-aa8384b elementor-widget elementor-widget-text-editor\" data-id=\"aa8384b\" data-element_type=\"widget\" data-e-type=\"widget\" data-widget_type=\"text-editor.default\">\n\t\t\t\t<div class=\"elementor-widget-container\">\n\t\t\t\t\t\t\t\t\t<p>We look forward to receiving your application!<\/p>\t\t\t\t\t\t\t\t<\/div>\n\t\t\t\t<\/div>\n\t\t\t\t\t<\/div>\n\t\t<\/div>\n\t\t\t\t<div class=\"elementor-column elementor-col-50 elementor-top-column elementor-element elementor-element-0309131\" data-id=\"0309131\" data-element_type=\"column\" data-e-type=\"column\">\n\t\t\t<div class=\"elementor-widget-wrap\">\n\t\t\t\t\t\t\t<\/div>\n\t\t<\/div>\n\t\t\t\t\t<\/div>\n\t\t<\/section>\n\t\t\t\t<\/div>","protected":false},"excerpt":{"rendered":"<p>ZMP Zahnmedizinische Prophylaxeassistentin (m\/w\/d) bei Leo Dental Werden Sie Teil unseres Teams. Wir m\u00f6chten zum n\u00e4chstm\u00f6glichen Zeitpunkt unser junges dynamisches Team erweitern und sind auf der Suche nach einem*r Mitarbeiter*in f\u00fcr unsere Zahnarztpraxis im Herzen von Schwabing. Aufgaben Durchf\u00fchrung der Individualprophylaxe bei Erwachsenen und Kindern Anfertigung von R\u00f6ntgenaufnahmen Einhaltung von Hygienestandards Desinfektion und Sterilisation von [&hellip;]<\/p>\n","protected":false},"author":1,"featured_media":0,"parent":0,"menu_order":0,"comment_status":"closed","ping_status":"closed","template":"elementor_header_footer","meta":{"_seopress_robots_primary_cat":"","_seopress_titles_title":"","_seopress_titles_desc":"","_seopress_robots_index":"","footnotes":""},"class_list":["post-1932","page","type-page","status-publish","hentry"],"_links":{"self":[{"href":"https:\/\/zahnarzt-muenchen-schwabing.dental\/en\/wp-json\/wp\/v2\/pages\/1932","targetHints":{"allow":["GET"]}}],"collection":[{"href":"https:\/\/zahnarzt-muenchen-schwabing.dental\/en\/wp-json\/wp\/v2\/pages"}],"about":[{"href":"https:\/\/zahnarzt-muenchen-schwabing.dental\/en\/wp-json\/wp\/v2\/types\/page"}],"author":[{"embeddable":true,"href":"https:\/\/zahnarzt-muenchen-schwabing.dental\/en\/wp-json\/wp\/v2\/users\/1"}],"replies":[{"embeddable":true,"href":"https:\/\/zahnarzt-muenchen-schwabing.dental\/en\/wp-json\/wp\/v2\/comments?post=1932"}],"version-history":[{"count":7,"href":"https:\/\/zahnarzt-muenchen-schwabing.dental\/en\/wp-json\/wp\/v2\/pages\/1932\/revisions"}],"predecessor-version":[{"id":1950,"href":"https:\/\/zahnarzt-muenchen-schwabing.dental\/en\/wp-json\/wp\/v2\/pages\/1932\/revisions\/1950"}],"wp:attachment":[{"href":"https:\/\/zahnarzt-muenchen-schwabing.dental\/en\/wp-json\/wp\/v2\/media?parent=1932"}],"curies":[{"name":"wp","href":"https:\/\/api.w.org\/{rel}","templated":true}]}}