{"id":104,"date":"2020-03-25T09:51:35","date_gmt":"2020-03-25T08:51:35","guid":{"rendered":"http:\/\/wordpress.p548662.webspaceconfig.de\/?page_id=104"},"modified":"2020-07-08T12:24:52","modified_gmt":"2020-07-08T10:24:52","slug":"further-lines","status":"publish","type":"page","link":"https:\/\/zahnarzt-muenchen-schwabing.dental\/en\/weitere-leitungen\/","title":{"rendered":"More lines"},"content":{"rendered":"<div data-elementor-type=\"wp-page\" data-elementor-id=\"104\" class=\"elementor elementor-104\" data-elementor-settings=\"{&quot;ha_cmc_init_switcher&quot;:&quot;no&quot;}\" data-elementor-post-type=\"page\">\n\t\t\t\t\t\t<section class=\"elementor-section elementor-top-section elementor-element elementor-element-d535f31 elementor-section-height-min-height elementor-section-boxed elementor-section-height-default elementor-section-items-middle\" data-id=\"d535f31\" data-element_type=\"section\" data-e-type=\"section\" data-settings=\"{&quot;background_background&quot;:&quot;classic&quot;}\">\n\t\t\t\t\t\t<div class=\"elementor-container elementor-column-gap-default\">\n\t\t\t\t\t<div class=\"elementor-column elementor-col-100 elementor-top-column elementor-element elementor-element-757fbc0\" data-id=\"757fbc0\" data-element_type=\"column\" data-e-type=\"column\">\n\t\t\t<div class=\"elementor-widget-wrap\">\n\t\t\t\t\t\t\t<\/div>\n\t\t<\/div>\n\t\t\t\t\t<\/div>\n\t\t<\/section>\n\t\t\t\t<section class=\"elementor-section elementor-top-section elementor-element elementor-element-68294fa elementor-section-boxed elementor-section-height-default elementor-section-height-default\" data-id=\"68294fa\" data-element_type=\"section\" data-e-type=\"section\">\n\t\t\t\t\t\t<div class=\"elementor-container elementor-column-gap-default\">\n\t\t\t\t\t<div class=\"elementor-column elementor-col-100 elementor-top-column elementor-element elementor-element-e6a9221\" data-id=\"e6a9221\" data-element_type=\"column\" data-e-type=\"column\">\n\t\t\t<div class=\"elementor-widget-wrap elementor-element-populated\">\n\t\t\t\t\t\t<section class=\"elementor-section elementor-inner-section elementor-element elementor-element-5baf8da elementor-section-boxed elementor-section-height-default elementor-section-height-default\" data-id=\"5baf8da\" data-element_type=\"section\" data-e-type=\"section\">\n\t\t\t\t\t\t<div class=\"elementor-container elementor-column-gap-default\">\n\t\t\t\t\t<div class=\"elementor-column elementor-col-100 elementor-inner-column elementor-element elementor-element-b6cee5f\" data-id=\"b6cee5f\" data-element_type=\"column\" data-e-type=\"column\">\n\t\t\t<div class=\"elementor-widget-wrap elementor-element-populated\">\n\t\t\t\t\t\t<div class=\"elementor-element elementor-element-65c1e58 elementor-widget elementor-widget-heading\" data-id=\"65c1e58\" data-element_type=\"widget\" data-e-type=\"widget\" data-widget_type=\"heading.default\">\n\t\t\t\t<div class=\"elementor-widget-container\">\n\t\t\t\t\t<h1 class=\"elementor-heading-title elementor-size-default\">Additional Services<\/h1>\t\t\t\t<\/div>\n\t\t\t\t<\/div>\n\t\t\t\t\t<\/div>\n\t\t<\/div>\n\t\t\t\t\t<\/div>\n\t\t<\/section>\n\t\t\t\t\t<\/div>\n\t\t<\/div>\n\t\t\t\t\t<\/div>\n\t\t<\/section>\n\t\t\t\t<section class=\"elementor-section elementor-top-section elementor-element elementor-element-9cd0a83 elementor-section-boxed elementor-section-height-default elementor-section-height-default\" data-id=\"9cd0a83\" data-element_type=\"section\" data-e-type=\"section\">\n\t\t\t\t\t\t<div class=\"elementor-container elementor-column-gap-default\">\n\t\t\t\t\t<div class=\"elementor-column elementor-col-100 elementor-top-column elementor-element elementor-element-194d26a\" data-id=\"194d26a\" data-element_type=\"column\" data-e-type=\"column\">\n\t\t\t<div class=\"elementor-widget-wrap elementor-element-populated\">\n\t\t\t\t\t\t<section class=\"elementor-section elementor-inner-section elementor-element elementor-element-d05d1ea elementor-section-boxed elementor-section-height-default elementor-section-height-default\" data-id=\"d05d1ea\" data-element_type=\"section\" data-e-type=\"section\">\n\t\t\t\t\t\t<div class=\"elementor-container elementor-column-gap-default\">\n\t\t\t\t\t<div class=\"elementor-column elementor-col-50 elementor-inner-column elementor-element elementor-element-4292acd\" data-id=\"4292acd\" data-element_type=\"column\" data-e-type=\"column\">\n\t\t\t<div class=\"elementor-widget-wrap elementor-element-populated\">\n\t\t\t\t\t\t<div class=\"elementor-element elementor-element-d24497a elementor-widget elementor-widget-image\" data-id=\"d24497a\" data-element_type=\"widget\" data-e-type=\"widget\" data-widget_type=\"image.default\">\n\t\t\t\t<div class=\"elementor-widget-container\">\n\t\t\t\t\t\t\t\t\t\t\t\t\t\t\t<img decoding=\"async\" width=\"150\" height=\"150\" src=\"https:\/\/zahnarzt-muenchen-schwabing.dental\/wp-content\/uploads\/2020\/03\/Zahnbehandlung_Muenchen_Button_Zahn-150x150.png\" class=\"attachment-thumbnail size-thumbnail wp-image-110\" alt=\"Dentist Schwabing, modern dental treatment in Munich.\" srcset=\"https:\/\/zahnarzt-muenchen-schwabing.dental\/wp-content\/uploads\/2020\/03\/Zahnbehandlung_Muenchen_Button_Zahn-150x150.png 150w, https:\/\/zahnarzt-muenchen-schwabing.dental\/wp-content\/uploads\/2020\/03\/Zahnbehandlung_Muenchen_Button_Zahn.png 200w\" sizes=\"(max-width: 150px) 100vw, 150px\" \/>\t\t\t\t\t\t\t\t\t\t\t\t\t\t\t<\/div>\n\t\t\t\t<\/div>\n\t\t\t\t<div class=\"elementor-element elementor-element-945232e elementor-widget elementor-widget-heading\" data-id=\"945232e\" data-element_type=\"widget\" data-e-type=\"widget\" data-widget_type=\"heading.default\">\n\t\t\t\t<div class=\"elementor-widget-container\">\n\t\t\t\t\t<h4 class=\"elementor-heading-title elementor-size-default\">surgery<\/h4>\t\t\t\t<\/div>\n\t\t\t\t<\/div>\n\t\t\t\t\t<\/div>\n\t\t<\/div>\n\t\t\t\t<div class=\"elementor-column elementor-col-50 elementor-inner-column elementor-element elementor-element-faba486\" data-id=\"faba486\" data-element_type=\"column\" data-e-type=\"column\">\n\t\t\t<div class=\"elementor-widget-wrap elementor-element-populated\">\n\t\t\t\t\t\t<div class=\"elementor-element elementor-element-fad151b elementor-widget elementor-widget-image\" data-id=\"fad151b\" data-element_type=\"widget\" data-e-type=\"widget\" data-widget_type=\"image.default\">\n\t\t\t\t<div class=\"elementor-widget-container\">\n\t\t\t\t\t\t\t\t\t\t\t\t\t\t\t<img decoding=\"async\" width=\"150\" height=\"150\" src=\"https:\/\/zahnarzt-muenchen-schwabing.dental\/wp-content\/uploads\/2020\/03\/Zahnbehandlung_Muenchen_Button_Zahn-150x150.png\" class=\"attachment-thumbnail size-thumbnail wp-image-110\" alt=\"Dentist Schwabing, modern dental treatment in Munich.\" srcset=\"https:\/\/zahnarzt-muenchen-schwabing.dental\/wp-content\/uploads\/2020\/03\/Zahnbehandlung_Muenchen_Button_Zahn-150x150.png 150w, https:\/\/zahnarzt-muenchen-schwabing.dental\/wp-content\/uploads\/2020\/03\/Zahnbehandlung_Muenchen_Button_Zahn.png 200w\" sizes=\"(max-width: 150px) 100vw, 150px\" \/>\t\t\t\t\t\t\t\t\t\t\t\t\t\t\t<\/div>\n\t\t\t\t<\/div>\n\t\t\t\t<div class=\"elementor-element elementor-element-60fd736 elementor-widget elementor-widget-heading\" data-id=\"60fd736\" data-element_type=\"widget\" data-e-type=\"widget\" data-widget_type=\"heading.default\">\n\t\t\t\t<div class=\"elementor-widget-container\">\n\t\t\t\t\t<h4 class=\"elementor-heading-title elementor-size-default\">Crunch<\/h4>\t\t\t\t<\/div>\n\t\t\t\t<\/div>\n\t\t\t\t\t<\/div>\n\t\t<\/div>\n\t\t\t\t\t<\/div>\n\t\t<\/section>\n\t\t\t\t\t<\/div>\n\t\t<\/div>\n\t\t\t\t\t<\/div>\n\t\t<\/section>\n\t\t\t\t<section class=\"elementor-section elementor-top-section elementor-element elementor-element-ddbcb72 elementor-section-boxed elementor-section-height-default elementor-section-height-default\" data-id=\"ddbcb72\" data-element_type=\"section\" data-e-type=\"section\">\n\t\t\t\t\t\t<div class=\"elementor-container elementor-column-gap-default\">\n\t\t\t\t\t<div class=\"elementor-column elementor-col-100 elementor-top-column elementor-element elementor-element-cb13ebf\" data-id=\"cb13ebf\" data-element_type=\"column\" data-e-type=\"column\">\n\t\t\t<div class=\"elementor-widget-wrap elementor-element-populated\">\n\t\t\t\t\t\t<section class=\"elementor-section elementor-inner-section elementor-element elementor-element-c771cda elementor-section-boxed elementor-section-height-default elementor-section-height-default\" data-id=\"c771cda\" data-element_type=\"section\" data-e-type=\"section\">\n\t\t\t\t\t\t<div class=\"elementor-container elementor-column-gap-default\">\n\t\t\t\t\t<div class=\"elementor-column elementor-col-100 elementor-inner-column elementor-element elementor-element-fc349fe\" data-id=\"fc349fe\" data-element_type=\"column\" data-e-type=\"column\">\n\t\t\t<div class=\"elementor-widget-wrap elementor-element-populated\">\n\t\t\t\t\t\t<div class=\"elementor-element elementor-element-d8e32d1 elementor-widget elementor-widget-text-editor\" data-id=\"d8e32d1\" data-element_type=\"widget\" data-e-type=\"widget\" data-widget_type=\"text-editor.default\">\n\t\t\t\t<div class=\"elementor-widget-container\">\n\t\t\t\t\t\t\t\t\t<p>Since many people are afraid of surgical dental treatment, we carry out small interventions directly in ours\u00a0<a href=\"https:\/\/zahnarzt-muenchen-schwabing.dental\/praxis\">Practice in Schwabing<\/a>\u00a0in the familiar surroundings of our patients. We offer our patients the surgical removal of wisdom teeth, apicectomy or removal of cysts or abscesses.<\/p><p>\u00a0<\/p><p>Timely measures are important: Whiteness teeth are often removed too late so that neighboring teeth have already suffered damage. We pay particular attention to critical points and any problems that may arise in our patients during each examination.<\/p>\t\t\t\t\t\t\t\t<\/div>\n\t\t\t\t<\/div>\n\t\t\t\t\t<\/div>\n\t\t<\/div>\n\t\t\t\t\t<\/div>\n\t\t<\/section>\n\t\t\t\t\t<\/div>\n\t\t<\/div>\n\t\t\t\t\t<\/div>\n\t\t<\/section>\n\t\t\t\t<section class=\"elementor-section elementor-top-section elementor-element elementor-element-28212c7 elementor-section-boxed elementor-section-height-default elementor-section-height-default\" data-id=\"28212c7\" data-element_type=\"section\" data-e-type=\"section\">\n\t\t\t\t\t\t<div class=\"elementor-container elementor-column-gap-default\">\n\t\t\t\t\t<div class=\"elementor-column elementor-col-100 elementor-top-column elementor-element elementor-element-523f6e6\" data-id=\"523f6e6\" data-element_type=\"column\" data-e-type=\"column\">\n\t\t\t<div class=\"elementor-widget-wrap elementor-element-populated\">\n\t\t\t\t\t\t<section class=\"elementor-section elementor-inner-section elementor-element elementor-element-7344bc1 elementor-section-boxed elementor-section-height-default elementor-section-height-default\" data-id=\"7344bc1\" data-element_type=\"section\" data-e-type=\"section\">\n\t\t\t\t\t\t<div class=\"elementor-container elementor-column-gap-default\">\n\t\t\t\t\t<div class=\"elementor-column elementor-col-50 elementor-inner-column elementor-element elementor-element-f89697d\" data-id=\"f89697d\" data-element_type=\"column\" data-e-type=\"column\">\n\t\t\t<div class=\"elementor-widget-wrap elementor-element-populated\">\n\t\t\t\t\t\t<div class=\"elementor-element elementor-element-52c2659 elementor-widget elementor-widget-image\" data-id=\"52c2659\" data-element_type=\"widget\" data-e-type=\"widget\" data-widget_type=\"image.default\">\n\t\t\t\t<div class=\"elementor-widget-container\">\n\t\t\t\t\t\t\t\t\t\t\t\t\t\t\t<img fetchpriority=\"high\" decoding=\"async\" width=\"600\" height=\"399\" src=\"https:\/\/zahnarzt-muenchen-schwabing.dental\/wp-content\/uploads\/2020\/03\/Knirscherbehandlung_Muenchen_600x400.jpg\" class=\"attachment-large size-large wp-image-114\" alt=\"Orthodontic treatment in Munich Schwabing Dentist Munich Schwabing.\" srcset=\"https:\/\/zahnarzt-muenchen-schwabing.dental\/wp-content\/uploads\/2020\/03\/Knirscherbehandlung_Muenchen_600x400.jpg 600w, https:\/\/zahnarzt-muenchen-schwabing.dental\/wp-content\/uploads\/2020\/03\/Knirscherbehandlung_Muenchen_600x400-300x200.jpg 300w\" sizes=\"(max-width: 600px) 100vw, 600px\" \/>\t\t\t\t\t\t\t\t\t\t\t\t\t\t\t<\/div>\n\t\t\t\t<\/div>\n\t\t\t\t\t<\/div>\n\t\t<\/div>\n\t\t\t\t<div class=\"elementor-column elementor-col-50 elementor-inner-column elementor-element elementor-element-64470c8\" data-id=\"64470c8\" data-element_type=\"column\" data-e-type=\"column\">\n\t\t\t<div class=\"elementor-widget-wrap elementor-element-populated\">\n\t\t\t\t\t\t<div class=\"elementor-element elementor-element-780d7e2 elementor-widget elementor-widget-heading\" data-id=\"780d7e2\" data-element_type=\"widget\" data-e-type=\"widget\" data-widget_type=\"heading.default\">\n\t\t\t\t<div class=\"elementor-widget-container\">\n\t\t\t\t\t<h3 class=\"elementor-heading-title elementor-size-default\">Crunch treatment in Schwabing\n<\/h3>\t\t\t\t<\/div>\n\t\t\t\t<\/div>\n\t\t\t\t<div class=\"elementor-element elementor-element-8bda644 elementor-widget elementor-widget-text-editor\" data-id=\"8bda644\" data-element_type=\"widget\" data-e-type=\"widget\" data-widget_type=\"text-editor.default\">\n\t\t\t\t<div class=\"elementor-widget-container\">\n\t\t\t\t\t\t\t\t\t<p>Many people these days subconsciously process their problems. Work stress is a major contributor to night-time teeth grinding.<\/p><p>\u00a0<\/p><p>Neck pain, tight masticatory muscles and headaches can be caused by crunching at night and make everyday life difficult for many people.<\/p><p>\u00a0<\/p><p>The simplest and most effective treatment is a plastic splint that is worn at night. The health insurance pays these costs. This way, you will no longer be tempted to crunch while sleeping.<\/p><p>\u00a0<\/p><p>They find out\u00a0<a href=\"https:\/\/zahnarzt-muenchen-schwabing.dental\/Knirscherbehandlung\">here<\/a>\u00a0more!<\/p>\t\t\t\t\t\t\t\t<\/div>\n\t\t\t\t<\/div>\n\t\t\t\t\t<\/div>\n\t\t<\/div>\n\t\t\t\t\t<\/div>\n\t\t<\/section>\n\t\t\t\t\t<\/div>\n\t\t<\/div>\n\t\t\t\t\t<\/div>\n\t\t<\/section>\n\t\t\t\t<\/div>","protected":false},"excerpt":{"rendered":"<p>Weitere Leistungen Chirurgie Knirscher Da viele Leute Angst vor chirurgischer Zahnbehandlung haben, realisieren wir kleine Eingriffe direkt in unserer\u00a0Praxis in Schwabing\u00a0in der gewohnten Umgebung unserer Patienten. Wir bieten unseren Patienten die operative Entfernung von Weisheitsz\u00e4hnen, Wurzelspitzenresektionen oder Entfernung von Zysten oder Abszessen. \u00a0 Rechtzeitige Ma\u00dfnahmen sind wichtig: Oft werden Wei\u00dfheitsz\u00e4hne erst zu sp\u00e4t entfernt, so [&hellip;]<\/p>\n","protected":false},"author":1,"featured_media":0,"parent":0,"menu_order":0,"comment_status":"closed","ping_status":"closed","template":"elementor_header_footer","meta":{"_seopress_robots_primary_cat":"","_seopress_titles_title":"Weitere Leistungen \u2013 Leo Dental M\u00fcnchen-Schwabing","_seopress_titles_desc":"Erfahren Sie hier mehr \u00fcber weitere Leistungen, welche in unserer Praxis in M\u00fcnchen angeboten werden. Wir freuen uns auf Sie.","_seopress_robots_index":"","footnotes":""},"class_list":["post-104","page","type-page","status-publish","hentry"],"_links":{"self":[{"href":"https:\/\/zahnarzt-muenchen-schwabing.dental\/en\/wp-json\/wp\/v2\/pages\/104","targetHints":{"allow":["GET"]}}],"collection":[{"href":"https:\/\/zahnarzt-muenchen-schwabing.dental\/en\/wp-json\/wp\/v2\/pages"}],"about":[{"href":"https:\/\/zahnarzt-muenchen-schwabing.dental\/en\/wp-json\/wp\/v2\/types\/page"}],"author":[{"embeddable":true,"href":"https:\/\/zahnarzt-muenchen-schwabing.dental\/en\/wp-json\/wp\/v2\/users\/1"}],"replies":[{"embeddable":true,"href":"https:\/\/zahnarzt-muenchen-schwabing.dental\/en\/wp-json\/wp\/v2\/comments?post=104"}],"version-history":[{"count":0,"href":"https:\/\/zahnarzt-muenchen-schwabing.dental\/en\/wp-json\/wp\/v2\/pages\/104\/revisions"}],"wp:attachment":[{"href":"https:\/\/zahnarzt-muenchen-schwabing.dental\/en\/wp-json\/wp\/v2\/media?parent=104"}],"curies":[{"name":"wp","href":"https:\/\/api.w.org\/{rel}","templated":true}]}}